{"id":5124,"date":"2025-05-30T13:24:28","date_gmt":"2025-05-30T13:24:28","guid":{"rendered":"https:\/\/ausbildungsbridge.de\/?page_id=5124"},"modified":"2025-05-30T21:01:01","modified_gmt":"2025-05-30T21:01:01","slug":"handwerk","status":"publish","type":"page","link":"https:\/\/ausbildungsbridge.de\/en\/handwerk\/","title":{"rendered":"Skilled trades"},"content":{"rendered":"<div data-elementor-type=\"wp-page\" data-elementor-id=\"5124\" class=\"elementor elementor-5124\" data-elementor-settings=\"{&quot;ha_cmc_init_switcher&quot;:&quot;no&quot;}\">\n\t\t\t\t<div class=\"elementor-element elementor-element-7c3053ed e-flex e-con-boxed wpr-particle-no wpr-jarallax-no wpr-sticky-section-no wpr-equal-height-no e-con e-parent\" data-id=\"7c3053ed\" data-element_type=\"container\" data-e-type=\"container\" data-settings=\"{&quot;_ha_eqh_enable&quot;:false}\">\n\t\t\t\t\t<div class=\"e-con-inner\">\n\t\t\t\t<div class=\"elementor-element elementor-element-e3593c2 elementor-widget elementor-widget-eael-breadcrumbs\" data-id=\"e3593c2\" data-element_type=\"widget\" data-e-type=\"widget\" data-widget_type=\"eael-breadcrumbs.default\">\n\t\t\t\t<div class=\"elementor-widget-container\">\n\t\t\t\t\t\t\t<div class=\"eael-breadcrumbs\">\n\t\t\t<div class=\"eael-breadcrumbs__content\"><a href=\"https:\/\/ausbildungsbridge.de\/en\">Home<\/a> <span class=\"eael-breadcrumb-separator\">\/<\/span> <span class = \"eael-current\">Page<\/span><\/div>\t\t<\/div>\n\t\t\t\t\t\t<\/div>\n\t\t\t\t<\/div>\n\t\t\t\t\t<\/div>\n\t\t\t\t<\/div>\n\t\t<div class=\"elementor-element elementor-element-711de6dc e-flex e-con-boxed wpr-particle-no wpr-jarallax-no wpr-sticky-section-no wpr-equal-height-no e-con e-parent\" data-id=\"711de6dc\" data-element_type=\"container\" data-e-type=\"container\" data-settings=\"{&quot;_ha_eqh_enable&quot;:false}\">\n\t\t\t\t\t<div class=\"e-con-inner\">\n\t\t<div class=\"elementor-element elementor-element-7fbaecdc e-con-full e-flex wpr-particle-no wpr-jarallax-no wpr-sticky-section-no wpr-equal-height-no e-con e-child\" data-id=\"7fbaecdc\" data-element_type=\"container\" data-e-type=\"container\" data-settings=\"{&quot;_ha_eqh_enable&quot;:false}\">\n\t\t\t\t<div class=\"elementor-element elementor-element-18c56446 elementor-widget elementor-widget-heading\" data-id=\"18c56446\" data-element_type=\"widget\" data-e-type=\"widget\" data-widget_type=\"heading.default\">\n\t\t\t\t<div class=\"elementor-widget-container\">\n\t\t\t\t\t<h2 class=\"elementor-heading-title elementor-size-default\"><span style=\"font-size: 30.4232px\">With head, heart and hands <\/span><\/h2>\t\t\t\t<\/div>\n\t\t\t\t<\/div>\n\t\t\t\t<div class=\"elementor-element elementor-element-202159b1 elementor-widget elementor-widget-text-editor\" data-id=\"202159b1\" data-element_type=\"widget\" data-e-type=\"widget\" data-widget_type=\"text-editor.default\">\n\t\t\t\t<div class=\"elementor-widget-container\">\n\t\t\t\t\t\t\t\t\t<p>The skilled trades are the backbone of the German economy - versatile, practical and future-proof.<\/p><p>Whether you like working with wood, metal, electricity or water - in the skilled trades you will find the job that suits your skills. You see what you have achieved every day, work in a team and are in direct contact with customers.<\/p>\t\t\t\t\t\t\t\t<\/div>\n\t\t\t\t<\/div>\n\t\t\t\t<\/div>\n\t\t<div class=\"elementor-element elementor-element-4e9c53e4 e-con-full e-flex wpr-particle-no wpr-jarallax-no wpr-sticky-section-no wpr-equal-height-no e-con e-child\" data-id=\"4e9c53e4\" data-element_type=\"container\" data-e-type=\"container\" data-settings=\"{&quot;_ha_eqh_enable&quot;:false}\">\n\t\t\t\t<div class=\"elementor-element elementor-element-11a9c8b7 elementor-widget elementor-widget-image\" data-id=\"11a9c8b7\" data-element_type=\"widget\" data-e-type=\"widget\" data-widget_type=\"image.default\">\n\t\t\t\t<div class=\"elementor-widget-container\">\n\t\t\t\t\t\t\t\t\t\t\t\t\t\t\t<img fetchpriority=\"high\" decoding=\"async\" width=\"600\" height=\"400\" src=\"https:\/\/ausbildungsbridge.de\/wp-content\/uploads\/2025\/05\/28.jpg\" class=\"attachment-large size-large wp-image-5129\" alt=\"\" srcset=\"https:\/\/ausbildungsbridge.de\/wp-content\/uploads\/2025\/05\/28.jpg 600w, https:\/\/ausbildungsbridge.de\/wp-content\/uploads\/2025\/05\/28-300x200.jpg 300w\" sizes=\"(max-width: 600px) 100vw, 600px\" \/>\t\t\t\t\t\t\t\t\t\t\t\t\t\t\t<\/div>\n\t\t\t\t<\/div>\n\t\t\t\t<\/div>\n\t\t\t\t\t<\/div>\n\t\t\t\t<\/div>\n\t\t<div class=\"elementor-element elementor-element-5d1f0f90 e-flex e-con-boxed wpr-particle-no wpr-jarallax-no wpr-sticky-section-no wpr-equal-height-no e-con e-parent\" data-id=\"5d1f0f90\" data-element_type=\"container\" data-e-type=\"container\" data-settings=\"{&quot;_ha_eqh_enable&quot;:false}\">\n\t\t\t\t\t<div class=\"e-con-inner\">\n\t\t\t\t<div class=\"elementor-element elementor-element-1c81417c elementor-widget-divider--view-line elementor-widget elementor-widget-divider\" data-id=\"1c81417c\" data-element_type=\"widget\" data-e-type=\"widget\" data-widget_type=\"divider.default\">\n\t\t\t\t<div class=\"elementor-widget-container\">\n\t\t\t\t\t\t\t<div class=\"elementor-divider\">\n\t\t\t<span class=\"elementor-divider-separator\">\n\t\t\t\t\t\t<\/span>\n\t\t<\/div>\n\t\t\t\t\t\t<\/div>\n\t\t\t\t<\/div>\n\t\t\t\t\t<\/div>\n\t\t\t\t<\/div>\n\t\t<div class=\"elementor-element elementor-element-3ef4c690 e-flex e-con-boxed wpr-particle-no wpr-jarallax-no wpr-sticky-section-no wpr-equal-height-no e-con e-parent\" data-id=\"3ef4c690\" data-element_type=\"container\" data-e-type=\"container\" data-settings=\"{&quot;_ha_eqh_enable&quot;:false}\">\n\t\t\t\t\t<div class=\"e-con-inner\">\n\t\t<div class=\"elementor-element elementor-element-650e1cf8 e-con-full e-flex wpr-particle-no wpr-jarallax-no wpr-sticky-section-no wpr-equal-height-no e-con e-child\" data-id=\"650e1cf8\" data-element_type=\"container\" data-e-type=\"container\" data-settings=\"{&quot;_ha_eqh_enable&quot;:false}\">\n\t\t\t\t<div class=\"elementor-element elementor-element-5147c81d elementor-widget elementor-widget-heading\" data-id=\"5147c81d\" data-element_type=\"widget\" data-e-type=\"widget\" data-widget_type=\"heading.default\">\n\t\t\t\t<div class=\"elementor-widget-container\">\n\t\t\t\t\t<h2 class=\"elementor-heading-title elementor-size-default\"><span style=\"font-size: 30.4232px\">Ausbildung Overview<\/span><\/h2>\t\t\t\t<\/div>\n\t\t\t\t<\/div>\n\t\t\t\t<div class=\"elementor-element elementor-element-7b6124ae elementor-widget elementor-widget-text-editor\" data-id=\"7b6124ae\" data-element_type=\"widget\" data-e-type=\"widget\" data-widget_type=\"text-editor.default\">\n\t\t\t\t<div class=\"elementor-widget-container\">\n\t\t\t\t\t\t\t\t\t<ul><li data-start=\"702\" data-end=\"735\"><p data-start=\"704\" data-end=\"735\" class=\"translation-block\"><strong data-start=\"704\" data-end=\"714\">Duration:<\/strong> 3 years (full-time)<\/p><\/li><li data-start=\"702\" data-end=\"735\"><p data-start=\"704\" data-end=\"735\" class=\"translation-block\"><strong data-start=\"738\" data-end=\"774\">Tasks during the training:<\/strong> Depending on the profession, you will learn how to install technical systems, build furniture, roof buildings, or maintain electrical systems. You will work with tools, machines, and materials, often directly on-site at customer locations or construction sites.<\/p><\/li><li data-start=\"1029\" data-end=\"1140\"><p data-start=\"1031\" data-end=\"1044\"><strong data-start=\"1031\" data-end=\"1042\">Salary:<\/strong><\/p><ul data-start=\"1047\" data-end=\"1140\"><li data-start=\"1047\" data-end=\"1076\"><ol data-start=\"1049\" data-end=\"1076\"><li data-start=\"1049\" data-end=\"1076\"><p data-start=\"1052\" data-end=\"1076\">Year: approx. \u20ac850-1,000<\/p><\/li><\/ol><\/li><li data-start=\"1079\" data-end=\"1108\"><ol start=\"2\" data-start=\"1081\" data-end=\"1108\"><li data-start=\"1081\" data-end=\"1108\"><p data-start=\"1084\" data-end=\"1108\">Year: approx. \u20ac1,000-1,150<\/p><\/li><\/ol><\/li><li data-start=\"1111\" data-end=\"1140\"><ol start=\"3\" data-start=\"1113\" data-end=\"1140\"><li data-start=\"1113\" data-end=\"1140\"><p data-start=\"1116\" data-end=\"1140\">Year: approx. \u20ac1,100-1,300<\/p><\/li><\/ol><\/li><\/ul><\/li><\/ul>\t\t\t\t\t\t\t\t<\/div>\n\t\t\t\t<\/div>\n\t\t\t\t<\/div>\n\t\t<div class=\"elementor-element elementor-element-69167549 e-con-full e-flex wpr-particle-no wpr-jarallax-no wpr-sticky-section-no wpr-equal-height-no e-con e-child\" data-id=\"69167549\" data-element_type=\"container\" data-e-type=\"container\" data-settings=\"{&quot;_ha_eqh_enable&quot;:false}\">\n\t\t\t\t<div class=\"elementor-element elementor-element-1adb3cb3 elementor-widget elementor-widget-image\" data-id=\"1adb3cb3\" data-element_type=\"widget\" data-e-type=\"widget\" data-widget_type=\"image.default\">\n\t\t\t\t<div class=\"elementor-widget-container\">\n\t\t\t\t\t\t\t\t\t\t\t\t\t\t\t<img decoding=\"async\" width=\"600\" height=\"400\" src=\"https:\/\/ausbildungsbridge.de\/wp-content\/uploads\/2025\/05\/29.jpg\" class=\"attachment-large size-large wp-image-5130\" alt=\"\" srcset=\"https:\/\/ausbildungsbridge.de\/wp-content\/uploads\/2025\/05\/29.jpg 600w, https:\/\/ausbildungsbridge.de\/wp-content\/uploads\/2025\/05\/29-300x200.jpg 300w\" sizes=\"(max-width: 600px) 100vw, 600px\" \/>\t\t\t\t\t\t\t\t\t\t\t\t\t\t\t<\/div>\n\t\t\t\t<\/div>\n\t\t\t\t<\/div>\n\t\t\t\t\t<\/div>\n\t\t\t\t<\/div>\n\t\t<div class=\"elementor-element elementor-element-7986d607 e-con-full e-flex wpr-particle-no wpr-jarallax-no wpr-sticky-section-no wpr-equal-height-no e-con e-child\" data-id=\"7986d607\" data-element_type=\"container\" data-e-type=\"container\" data-settings=\"{&quot;_ha_eqh_enable&quot;:false}\">\n\t\t\t\t<div class=\"elementor-element elementor-element-295c0439 elementor-widget-divider--view-line elementor-widget elementor-widget-divider\" data-id=\"295c0439\" data-element_type=\"widget\" data-e-type=\"widget\" data-widget_type=\"divider.default\">\n\t\t\t\t<div class=\"elementor-widget-container\">\n\t\t\t\t\t\t\t<div class=\"elementor-divider\">\n\t\t\t<span class=\"elementor-divider-separator\">\n\t\t\t\t\t\t<\/span>\n\t\t<\/div>\n\t\t\t\t\t\t<\/div>\n\t\t\t\t<\/div>\n\t\t\t\t<div class=\"elementor-element elementor-element-8d44c45 elementor-widget elementor-widget-heading\" data-id=\"8d44c45\" data-element_type=\"widget\" data-e-type=\"widget\" data-widget_type=\"heading.default\">\n\t\t\t\t<div class=\"elementor-widget-container\">\n\t\t\t\t\t<h2 class=\"elementor-heading-title elementor-size-default\"><b>Requirements<\/b><\/h2>\t\t\t\t<\/div>\n\t\t\t\t<\/div>\n\t\t\t\t<div class=\"elementor-element elementor-element-1bbdabb4 elementor-widget elementor-widget-text-editor\" data-id=\"1bbdabb4\" data-element_type=\"widget\" data-e-type=\"widget\" data-widget_type=\"text-editor.default\">\n\t\t\t\t<div class=\"elementor-widget-container\">\n\t\t\t\t\t\t\t\t\t<p style=\"text-align: center;\" data-start=\"199\" data-end=\"256\">What you need to bring with you for Ausbildung.<\/p>\t\t\t\t\t\t\t\t<\/div>\n\t\t\t\t<\/div>\n\t\t\t\t<\/div>\n\t\t<div class=\"elementor-element elementor-element-391d6dbc e-flex e-con-boxed wpr-particle-no wpr-jarallax-no wpr-sticky-section-no wpr-equal-height-no e-con e-parent\" data-id=\"391d6dbc\" data-element_type=\"container\" data-e-type=\"container\" data-settings=\"{&quot;_ha_eqh_enable&quot;:false}\">\n\t\t\t\t\t<div class=\"e-con-inner\">\n\t\t<div class=\"elementor-element elementor-element-32371959 e-con-full e-flex wpr-particle-no wpr-jarallax-no wpr-sticky-section-no wpr-equal-height-no e-con e-child\" data-id=\"32371959\" data-element_type=\"container\" data-e-type=\"container\" data-settings=\"{&quot;_ha_eqh_enable&quot;:false}\">\n\t\t\t\t<div class=\"elementor-element elementor-element-30a2d868 elementor-widget elementor-widget-ha-icon-box happy-addon ha-icon-box\" data-id=\"30a2d868\" data-element_type=\"widget\" data-e-type=\"widget\" data-widget_type=\"ha-icon-box.default\">\n\t\t\t\t<div class=\"elementor-widget-container\">\n\t\t\t\n\t\t\n\t\t\t\t\t\t<span class=\"ha-icon-box-icon\">\n\t\t\t\t\t<i class=\"huge huge-money-not-found-03\"><\/i>\t\t\t\t<\/span>\n\t\t<h2 class=\"ha-icon-box-title\">School-Leaving Certificate: Hauptschule or Realschule<\/h2>\t\t<\/div>\n\t\t\t\t<\/div>\n\t\t\t\t<\/div>\n\t\t<div class=\"elementor-element elementor-element-5639e4b2 e-con-full e-flex wpr-particle-no wpr-jarallax-no wpr-sticky-section-no wpr-equal-height-no e-con e-child\" data-id=\"5639e4b2\" data-element_type=\"container\" data-e-type=\"container\" data-settings=\"{&quot;_ha_eqh_enable&quot;:false}\">\n\t\t\t\t<div class=\"elementor-element elementor-element-50f5adab elementor-widget elementor-widget-ha-icon-box happy-addon ha-icon-box\" data-id=\"50f5adab\" data-element_type=\"widget\" data-e-type=\"widget\" data-widget_type=\"ha-icon-box.default\">\n\t\t\t\t<div class=\"elementor-widget-container\">\n\t\t\t\n\t\t\n\t\t\t\t\t\t<span class=\"ha-icon-box-icon\">\n\t\t\t\t\t<i class=\"huge huge-money-receive-flow-02\"><\/i>\t\t\t\t<\/span>\n\t\t<h2 class=\"ha-icon-box-title\">German Language Skills: B1 (B2 an advantage)<\/h2>\t\t<\/div>\n\t\t\t\t<\/div>\n\t\t\t\t<\/div>\n\t\t<div class=\"elementor-element elementor-element-19503b3a e-con-full e-flex wpr-particle-no wpr-jarallax-no wpr-sticky-section-no wpr-equal-height-no e-con e-child\" data-id=\"19503b3a\" data-element_type=\"container\" data-e-type=\"container\" data-settings=\"{&quot;_ha_eqh_enable&quot;:false}\">\n\t\t\t\t<div class=\"elementor-element elementor-element-780ed109 elementor-widget elementor-widget-ha-icon-box happy-addon ha-icon-box\" data-id=\"780ed109\" data-element_type=\"widget\" data-e-type=\"widget\" data-widget_type=\"ha-icon-box.default\">\n\t\t\t\t<div class=\"elementor-widget-container\">\n\t\t\t\n\t\t\n\t\t\t\t\t\t<span class=\"ha-icon-box-icon\">\n\t\t\t\t\t<i class=\"huge huge-passport\"><\/i>\t\t\t\t<\/span>\n\t\t<h2 class=\"ha-icon-box-title\">Technical understanding, manual dexterity, ability to work in a team<\/h2>\t\t<\/div>\n\t\t\t\t<\/div>\n\t\t\t\t<\/div>\n\t\t<div class=\"elementor-element elementor-element-2bc87806 e-con-full e-flex wpr-particle-no wpr-jarallax-no wpr-sticky-section-no wpr-equal-height-no e-con e-child\" data-id=\"2bc87806\" data-element_type=\"container\" data-e-type=\"container\" data-settings=\"{&quot;_ha_eqh_enable&quot;:false}\">\n\t\t\t\t<div class=\"elementor-element elementor-element-3148ed78 elementor-widget elementor-widget-ha-icon-box happy-addon ha-icon-box\" data-id=\"3148ed78\" data-element_type=\"widget\" data-e-type=\"widget\" data-widget_type=\"ha-icon-box.default\">\n\t\t\t\t<div class=\"elementor-widget-container\">\n\t\t\t\n\t\t\n\t\t\t\t\t\t<span class=\"ha-icon-box-icon\">\n\t\t\t\t\t<i class=\"huge huge-briefcase-06\"><\/i>\t\t\t\t<\/span>\n\t\t<h2 class=\"ha-icon-box-title\">Desire for practical work with real results<\/h2>\t\t<\/div>\n\t\t\t\t<\/div>\n\t\t\t\t<\/div>\n\t\t\t\t\t<\/div>\n\t\t\t\t<\/div>\n\t\t<div class=\"elementor-element elementor-element-1a8bf626 e-flex e-con-boxed wpr-particle-no wpr-jarallax-no wpr-sticky-section-no wpr-equal-height-no e-con e-parent\" data-id=\"1a8bf626\" data-element_type=\"container\" data-e-type=\"container\" data-settings=\"{&quot;_ha_eqh_enable&quot;:false}\">\n\t\t\t\t\t<div class=\"e-con-inner\">\n\t\t\t\t<div class=\"elementor-element elementor-element-5b757b30 elementor-widget-divider--view-line elementor-widget elementor-widget-divider\" data-id=\"5b757b30\" data-element_type=\"widget\" data-e-type=\"widget\" data-widget_type=\"divider.default\">\n\t\t\t\t<div class=\"elementor-widget-container\">\n\t\t\t\t\t\t\t<div class=\"elementor-divider\">\n\t\t\t<span class=\"elementor-divider-separator\">\n\t\t\t\t\t\t<\/span>\n\t\t<\/div>\n\t\t\t\t\t\t<\/div>\n\t\t\t\t<\/div>\n\t\t\t\t\t<\/div>\n\t\t\t\t<\/div>\n\t\t<div class=\"elementor-element elementor-element-1854e007 e-con-full e-flex wpr-particle-no wpr-jarallax-no wpr-sticky-section-no wpr-equal-height-no e-con e-child\" data-id=\"1854e007\" data-element_type=\"container\" data-e-type=\"container\" data-settings=\"{&quot;_ha_eqh_enable&quot;:false}\">\n\t\t\t\t<div class=\"elementor-element elementor-element-409f0845 elementor-widget elementor-widget-heading\" data-id=\"409f0845\" data-element_type=\"widget\" data-e-type=\"widget\" data-widget_type=\"heading.default\">\n\t\t\t\t<div class=\"elementor-widget-container\">\n\t\t\t\t\t<h2 class=\"elementor-heading-title elementor-size-default\"><b>Career Opportunities after Ausbildung<\/b><\/h2>\t\t\t\t<\/div>\n\t\t\t\t<\/div>\n\t\t\t\t<div class=\"elementor-element elementor-element-6e4374ea elementor-widget elementor-widget-text-editor\" data-id=\"6e4374ea\" data-element_type=\"widget\" data-e-type=\"widget\" data-widget_type=\"text-editor.default\">\n\t\t\t\t<div class=\"elementor-widget-container\">\n\t\t\t\t\t\t\t\t\t<p style=\"text-align: center;\">The skilled trades offer you secure jobs, further training as a master craftsman or technician and even the opportunity to become self-employed.<\/p>\t\t\t\t\t\t\t\t<\/div>\n\t\t\t\t<\/div>\n\t\t\t\t<\/div>\n\t\t<div class=\"elementor-element elementor-element-3e964149 e-flex e-con-boxed wpr-particle-no wpr-jarallax-no wpr-sticky-section-no wpr-equal-height-no e-con e-parent\" data-id=\"3e964149\" data-element_type=\"container\" data-e-type=\"container\" data-settings=\"{&quot;_ha_eqh_enable&quot;:false}\">\n\t\t\t\t\t<div class=\"e-con-inner\">\n\t\t\t\t<div class=\"elementor-element elementor-element-38e2430c elementor-widget elementor-widget-eael-image-accordion\" data-id=\"38e2430c\" data-element_type=\"widget\" data-e-type=\"widget\" data-widget_type=\"eael-image-accordion.default\">\n\t\t\t\t<div class=\"elementor-widget-container\">\n\t\t\t\t\t    <div class=\"eael-img-accordion accordion-direction-horizontal eael-img-accordion-horizontal-align-center eael-img-accordion-vertical-align-center\" id=\"eael-img-accordion-38e2430c\" data-img-accordion-id=\"38e2430c\" data-img-accordion-type=\"on-hover\">\n                    \n            <div class=\"eael-image-accordion-hover eael-image-accordion-item\" style=\"background-image: url(https:\/\/ausbildungsbridge.de\/wp-content\/uploads\/2025\/05\/30.jpg);\"  tabindex=\"0\">\n                <div class=\"overlay\">\n                                        <div class=\"overlay-inner\">\n                        <h2 class=\"img-accordion-title\">Electrical &amp; Sanitary Engineering<\/h2>                            <p><p>Electrician, Plant Mechanic SHK<\/p><\/p>\n                                            <\/div>\n                <\/div>\n            <\/div>\n                    \n            <div class=\"eael-image-accordion-hover eael-image-accordion-item\" style=\"background-image: url(https:\/\/ausbildungsbridge.de\/wp-content\/uploads\/2025\/05\/31.jpg);\"  tabindex=\"0\">\n                <div class=\"overlay\">\n                                        <div class=\"overlay-inner\">\n                        <h2 class=\"img-accordion-title\">Wood &amp; Construction<\/h2>                            <p><p>Carpenter, Bricklayer, Roofer<\/p><\/p>\n                                            <\/div>\n                <\/div>\n            <\/div>\n                    \n            <div class=\"eael-image-accordion-hover eael-image-accordion-item\" style=\"background-image: url(https:\/\/ausbildungsbridge.de\/wp-content\/uploads\/2025\/05\/32.jpg);\"  tabindex=\"0\">\n                <div class=\"overlay\">\n                                        <div class=\"overlay-inner\">\n                        <h2 class=\"img-accordion-title\">Metall &amp; Mechanik<\/h2>                            <p><p>Kfz-Mechatroniker, Schlosser, Feinwerkmechaniker<\/p><\/p>\n                                            <\/div>\n                <\/div>\n            <\/div>\n                <\/div>\n        <style typr=\"text\/css\">\n                    #eael-img-accordion-38e2430c .eael-image-accordion-hover:hover {\n                        flex: 3 1 0% !important;\n                    }\n                    #eael-img-accordion-38e2430c .eael-image-accordion-hover:hover:hover .overlay-inner * {\n                        opacity: 1;\n                        visibility: visible;\n                        transform: none;\n                        transition: all .3s .3s;\n                    }\n                <\/style>\t\t\t\t<\/div>\n\t\t\t\t<\/div>\n\t\t\t\t\t<\/div>\n\t\t\t\t<\/div>\n\t\t<div class=\"elementor-element elementor-element-63f9413c e-flex e-con-boxed wpr-particle-no wpr-jarallax-no wpr-sticky-section-no wpr-equal-height-no e-con e-parent\" data-id=\"63f9413c\" data-element_type=\"container\" data-e-type=\"container\" data-settings=\"{&quot;_ha_eqh_enable&quot;:false}\">\n\t\t\t\t\t<div class=\"e-con-inner\">\n\t\t\t\t<div class=\"elementor-element elementor-element-5f765c62 wpr-promo-box-style-cover elementor-widget elementor-widget-wpr-promo-box\" data-id=\"5f765c62\" data-element_type=\"widget\" data-e-type=\"widget\" data-widget_type=\"wpr-promo-box.default\">\n\t\t\t\t<div class=\"elementor-widget-container\">\n\t\t\t\t\t\n\t\t<div class=\"wpr-promo-box wpr-animation-wrap\">\n\n\t\t\t\t\t\t\t\n\t\t\t\t\t\t\t<div class=\"wpr-promo-box-image\">\n\t\t\t\t\t<div class=\"wpr-promo-box-bg-image wpr-bg-anim-zoom-out wpr-anim-timing-ease-default\" style=\"background-image:url(https:\/\/ausbildungsbridge.de\/wp-content\/uploads\/2025\/05\/1.jpg);\"><\/div>\n\t\t\t\t\t<div class=\"wpr-promo-box-bg-overlay wpr-border-anim-oscar\"><\/div>\n\t\t\t\t<\/div>\n\t\t\t\t\t\t\n\t\t\t<div class=\"wpr-promo-box-content\">\n\n\t\t\t\t\t\t\t\t<div class=\"wpr-promo-box-icon\">\n\t\t\t\t\t\t\t\t\t<\/div>\n\t\t\t\t\n\t\t\t\t<h3 class=\"wpr-promo-box-title\"><span>Apply now and get started.<\/span><\/h3>\n\t\t\t\t\t\t\t\t\t<div class=\"wpr-promo-box-description\">\n\t\t\t\t\t\t<p><p><span style=\"color: #ffffff\">Start your career in one of the most sought-after professions in Germany.<\/span><\/p><\/p>\t\n\t\t\t\t\t<\/div>\t\t\t\t\t\t\n\t\t\t\t\n\t\t\t\t\t\t\t\t\t<div class=\"wpr-promo-box-btn-wrap\">\n\t\t\t\t\t\t<a class=\"wpr-promo-box-btn\" href=\"https:\/\/ausbildungsbridge.de\/en\/apply-now\/\">\n\n\t\t\t\t\t\t\t\t\t\t\t\t\t\t<span class=\"wpr-promo-box-btn-text\">Apply Now<\/span>\t\t\n\t\t\t\t\t\t\t\n\t\t\t\t\t\t\t\t\t\t\t\t\t<\/a>\n\t\t\t\t\t<\/div>\t\n\t\t\t\t\t\t\t<\/div>\n\n\t\t\t\t\t<\/div>\n\n\t\t\t\t\t\t<\/div>\n\t\t\t\t<\/div>\n\t\t\t\t\t<\/div>\n\t\t\t\t<\/div>\n\t\t\t\t<\/div>","protected":false},"excerpt":{"rendered":"<p>Home \/ Page Mit Kopf, Herz und H\u00e4nden Das Handwerk ist das R\u00fcckgrat der deutschen Wirtschaft \u2013 vielseitig, praxisnah und zukunftssicher. Ob du gerne mit Holz, Metall, Strom oder Wasser arbeitest \u2013 im Handwerk findest du den Beruf, der zu deinen F\u00e4higkeiten passt. Du siehst t\u00e4glich, was du geschafft hast, arbeitest im Team und bist in direktem Kontakt mit Kunden. Ausbildung im \u00dcberblick Dauer: 3 Jahre (Vollzeit) Aufgaben w\u00e4hrend der Ausbildung: Je nach Beruf lernst du, wie man technische Anlagen installiert, M\u00f6bel baut, D\u00e4cher deckt oder elektrische Systeme wartet. Du arbeitest mit Werkzeugen, Maschinen und Materialien, oft direkt vor Ort bei Kunden oder auf Baustellen. Gehalt: Jahr: ca. \u20ac850\u20131.000 Jahr: ca. \u20ac1.000\u20131.150 Jahr: ca. \u20ac1.100\u20131.300 Voraussetzungen Was du f\u00fcr die Ausbildung mitbringen musst. Schulabschluss: Hauptschule oder Realschule Deutschkenntnisse: B1 (B2 von Vorteil) Technisches Verst\u00e4ndnis, handwerkliches Geschick, Teamf\u00e4higkeit Lust auf praktisches Arbeiten mit echten Ergebnissen Karrierechancen nach der Ausbildung Das Handwerk bietet dir sichere Jobs, Meister- und Techniker-Weiterbildungen und sogar die M\u00f6glichkeit zur Selbstst\u00e4ndigkeit. Elektro- &amp; Sanit\u00e4rtechnik Elektriker, Anlagenmechaniker SHK Holz &amp; Bau Tischler, Maurer, Dachdecker Metall &amp; Mechanik Kfz-Mechatroniker, Schlosser, Feinwerkmechaniker Jetzt bewerben und durchstarten! Starte deine Karriere in einem der gefragtesten Berufe Deutschlands. Jetzt bewerben<\/p>","protected":false},"author":1,"featured_media":0,"parent":0,"menu_order":0,"comment_status":"closed","ping_status":"closed","template":"elementor_header_footer","meta":{"footnotes":""},"class_list":["post-5124","page","type-page","status-publish","hentry"],"_links":{"self":[{"href":"https:\/\/ausbildungsbridge.de\/en\/wp-json\/wp\/v2\/pages\/5124","targetHints":{"allow":["GET"]}}],"collection":[{"href":"https:\/\/ausbildungsbridge.de\/en\/wp-json\/wp\/v2\/pages"}],"about":[{"href":"https:\/\/ausbildungsbridge.de\/en\/wp-json\/wp\/v2\/types\/page"}],"author":[{"embeddable":true,"href":"https:\/\/ausbildungsbridge.de\/en\/wp-json\/wp\/v2\/users\/1"}],"replies":[{"embeddable":true,"href":"https:\/\/ausbildungsbridge.de\/en\/wp-json\/wp\/v2\/comments?post=5124"}],"version-history":[{"count":10,"href":"https:\/\/ausbildungsbridge.de\/en\/wp-json\/wp\/v2\/pages\/5124\/revisions"}],"predecessor-version":[{"id":5152,"href":"https:\/\/ausbildungsbridge.de\/en\/wp-json\/wp\/v2\/pages\/5124\/revisions\/5152"}],"wp:attachment":[{"href":"https:\/\/ausbildungsbridge.de\/en\/wp-json\/wp\/v2\/media?parent=5124"}],"curies":[{"name":"wp","href":"https:\/\/api.w.org\/{rel}","templated":true}]}}