{"id":5098,"date":"2025-05-30T13:01:27","date_gmt":"2025-05-30T13:01:27","guid":{"rendered":"https:\/\/ausbildungsbridge.de\/?page_id=5098"},"modified":"2025-06-01T12:22:39","modified_gmt":"2025-06-01T12:22:39","slug":"steuerwesen","status":"publish","type":"page","link":"https:\/\/ausbildungsbridge.de\/en\/steuerwesen\/","title":{"rendered":"Taxation"},"content":{"rendered":"<div data-elementor-type=\"wp-page\" data-elementor-id=\"5098\" class=\"elementor elementor-5098\" data-elementor-settings=\"{&quot;ha_cmc_init_switcher&quot;:&quot;no&quot;}\">\n\t\t\t\t<div class=\"elementor-element elementor-element-538d2672 e-flex e-con-boxed wpr-particle-no wpr-jarallax-no wpr-sticky-section-no wpr-equal-height-no e-con e-parent\" data-id=\"538d2672\" data-element_type=\"container\" data-e-type=\"container\" data-settings=\"{&quot;_ha_eqh_enable&quot;:false}\">\n\t\t\t\t\t<div class=\"e-con-inner\">\n\t\t\t\t<div class=\"elementor-element elementor-element-4ef63a30 elementor-widget elementor-widget-eael-breadcrumbs\" data-id=\"4ef63a30\" data-element_type=\"widget\" data-e-type=\"widget\" data-widget_type=\"eael-breadcrumbs.default\">\n\t\t\t\t<div class=\"elementor-widget-container\">\n\t\t\t\t\t\t\t<div class=\"eael-breadcrumbs\">\n\t\t\t<div class=\"eael-breadcrumbs__content\"><a href=\"https:\/\/ausbildungsbridge.de\/en\">Home<\/a> <span class=\"eael-breadcrumb-separator\">\/<\/span> <span class = \"eael-current\">Page<\/span><\/div>\t\t<\/div>\n\t\t\t\t\t\t<\/div>\n\t\t\t\t<\/div>\n\t\t\t\t\t<\/div>\n\t\t\t\t<\/div>\n\t\t<div class=\"elementor-element elementor-element-136e3a23 e-flex e-con-boxed wpr-particle-no wpr-jarallax-no wpr-sticky-section-no wpr-equal-height-no e-con e-parent\" data-id=\"136e3a23\" data-element_type=\"container\" data-e-type=\"container\" data-settings=\"{&quot;_ha_eqh_enable&quot;:false}\">\n\t\t\t\t\t<div class=\"e-con-inner\">\n\t\t<div class=\"elementor-element elementor-element-323976a7 e-con-full e-flex wpr-particle-no wpr-jarallax-no wpr-sticky-section-no wpr-equal-height-no e-con e-child\" data-id=\"323976a7\" data-element_type=\"container\" data-e-type=\"container\" data-settings=\"{&quot;_ha_eqh_enable&quot;:false}\">\n\t\t\t\t<div class=\"elementor-element elementor-element-636347a0 elementor-widget elementor-widget-heading\" data-id=\"636347a0\" data-element_type=\"widget\" data-e-type=\"widget\" data-widget_type=\"heading.default\">\n\t\t\t\t<div class=\"elementor-widget-container\">\n\t\t\t\t\t<h2 class=\"elementor-heading-title elementor-size-default\"><span style=\"font-size: 30.4232px\">Understanding figures, applying the law, taking responsibility<\/span><\/h2>\t\t\t\t<\/div>\n\t\t\t\t<\/div>\n\t\t\t\t<div class=\"elementor-element elementor-element-4f9296a8 elementor-widget elementor-widget-text-editor\" data-id=\"4f9296a8\" data-element_type=\"widget\" data-e-type=\"widget\" data-widget_type=\"text-editor.default\">\n\t\t\t\t<div class=\"elementor-widget-container\">\n\t\t\t\t\t\t\t\t\t<p class=\"translation-block\">As a <strong data-start=\"374\" data-end=\"401\">tax clerk (m\/f\/d)<\/strong>, you will work closely with tax advisors, companies, and private individuals. You will assist in preparing tax returns, review accounting records, and help prepare annual financial statements.<\/p><p>This profession combines legal knowledge with economic thinking - ideal for structured minds with an interest in finance.<\/p>\t\t\t\t\t\t\t\t<\/div>\n\t\t\t\t<\/div>\n\t\t\t\t<\/div>\n\t\t<div class=\"elementor-element elementor-element-5cd865a0 e-con-full e-flex wpr-particle-no wpr-jarallax-no wpr-sticky-section-no wpr-equal-height-no e-con e-child\" data-id=\"5cd865a0\" data-element_type=\"container\" data-e-type=\"container\" data-settings=\"{&quot;_ha_eqh_enable&quot;:false}\">\n\t\t\t\t<div class=\"elementor-element elementor-element-551cd45a elementor-widget elementor-widget-image\" data-id=\"551cd45a\" data-element_type=\"widget\" data-e-type=\"widget\" data-widget_type=\"image.default\">\n\t\t\t\t<div class=\"elementor-widget-container\">\n\t\t\t\t\t\t\t\t\t\t\t\t\t\t\t<img fetchpriority=\"high\" decoding=\"async\" width=\"600\" height=\"400\" src=\"https:\/\/ausbildungsbridge.de\/wp-content\/uploads\/2025\/05\/22.jpg\" class=\"attachment-large size-large wp-image-5109\" alt=\"\" srcset=\"https:\/\/ausbildungsbridge.de\/wp-content\/uploads\/2025\/05\/22.jpg 600w, https:\/\/ausbildungsbridge.de\/wp-content\/uploads\/2025\/05\/22-300x200.jpg 300w\" sizes=\"(max-width: 600px) 100vw, 600px\" \/>\t\t\t\t\t\t\t\t\t\t\t\t\t\t\t<\/div>\n\t\t\t\t<\/div>\n\t\t\t\t<\/div>\n\t\t\t\t\t<\/div>\n\t\t\t\t<\/div>\n\t\t<div class=\"elementor-element elementor-element-494e1c34 e-flex e-con-boxed wpr-particle-no wpr-jarallax-no wpr-sticky-section-no wpr-equal-height-no e-con e-parent\" data-id=\"494e1c34\" data-element_type=\"container\" data-e-type=\"container\" data-settings=\"{&quot;_ha_eqh_enable&quot;:false}\">\n\t\t\t\t\t<div class=\"e-con-inner\">\n\t\t\t\t<div class=\"elementor-element elementor-element-59e3a6d2 elementor-widget-divider--view-line elementor-widget elementor-widget-divider\" data-id=\"59e3a6d2\" data-element_type=\"widget\" data-e-type=\"widget\" data-widget_type=\"divider.default\">\n\t\t\t\t<div class=\"elementor-widget-container\">\n\t\t\t\t\t\t\t<div class=\"elementor-divider\">\n\t\t\t<span class=\"elementor-divider-separator\">\n\t\t\t\t\t\t<\/span>\n\t\t<\/div>\n\t\t\t\t\t\t<\/div>\n\t\t\t\t<\/div>\n\t\t\t\t\t<\/div>\n\t\t\t\t<\/div>\n\t\t<div class=\"elementor-element elementor-element-68b30e2d e-flex e-con-boxed wpr-particle-no wpr-jarallax-no wpr-sticky-section-no wpr-equal-height-no e-con e-parent\" data-id=\"68b30e2d\" data-element_type=\"container\" data-e-type=\"container\" data-settings=\"{&quot;_ha_eqh_enable&quot;:false}\">\n\t\t\t\t\t<div class=\"e-con-inner\">\n\t\t<div class=\"elementor-element elementor-element-51e14216 e-con-full e-flex wpr-particle-no wpr-jarallax-no wpr-sticky-section-no wpr-equal-height-no e-con e-child\" data-id=\"51e14216\" data-element_type=\"container\" data-e-type=\"container\" data-settings=\"{&quot;_ha_eqh_enable&quot;:false}\">\n\t\t\t\t<div class=\"elementor-element elementor-element-28b43e14 elementor-widget elementor-widget-heading\" data-id=\"28b43e14\" data-element_type=\"widget\" data-e-type=\"widget\" data-widget_type=\"heading.default\">\n\t\t\t\t<div class=\"elementor-widget-container\">\n\t\t\t\t\t<h2 class=\"elementor-heading-title elementor-size-default\"><span style=\"font-size: 30.4232px\">Ausbildung Overview<\/span><\/h2>\t\t\t\t<\/div>\n\t\t\t\t<\/div>\n\t\t\t\t<div class=\"elementor-element elementor-element-49e16923 elementor-widget elementor-widget-text-editor\" data-id=\"49e16923\" data-element_type=\"widget\" data-e-type=\"widget\" data-widget_type=\"text-editor.default\">\n\t\t\t\t<div class=\"elementor-widget-container\">\n\t\t\t\t\t\t\t\t\t<ul><li data-start=\"702\" data-end=\"735\"><p data-start=\"704\" data-end=\"735\" class=\"translation-block\"><strong data-start=\"704\" data-end=\"714\">Duration:<\/strong> 3 years (full-time)<\/p><\/li><li data-start=\"702\" data-end=\"735\"><p data-start=\"704\" data-end=\"735\" class=\"translation-block\"><strong data-start=\"738\" data-end=\"774\">Tasks during the training:<\/strong> You will process tax returns, check receipts, make bookings, and advise clients on tax-related matters. You will work on a computer and gain extensive knowledge of German tax law and business processes.<\/p><\/li><li data-start=\"1029\" data-end=\"1140\"><p data-start=\"1031\" data-end=\"1044\"><strong data-start=\"1031\" data-end=\"1042\">Salary:<\/strong><\/p><ul data-start=\"1047\" data-end=\"1140\"><li data-start=\"1047\" data-end=\"1076\"><ol data-start=\"1049\" data-end=\"1076\"><li data-start=\"1049\" data-end=\"1076\"><p data-start=\"1052\" data-end=\"1076\">Year: approx. \u20ac900-1,050<\/p><\/li><\/ol><\/li><li data-start=\"1079\" data-end=\"1108\"><ol start=\"2\" data-start=\"1081\" data-end=\"1108\"><li data-start=\"1081\" data-end=\"1108\"><p data-start=\"1084\" data-end=\"1108\">Year: approx. \u20ac1,000-1,150<\/p><\/li><\/ol><\/li><li data-start=\"1111\" data-end=\"1140\"><ol start=\"3\" data-start=\"1113\" data-end=\"1140\"><li data-start=\"1113\" data-end=\"1140\"><p data-start=\"1116\" data-end=\"1140\">Year: approx. \u20ac1,100-1,300<\/p><\/li><\/ol><\/li><\/ul><\/li><\/ul>\t\t\t\t\t\t\t\t<\/div>\n\t\t\t\t<\/div>\n\t\t\t\t<\/div>\n\t\t<div class=\"elementor-element elementor-element-5c633b61 e-con-full e-flex wpr-particle-no wpr-jarallax-no wpr-sticky-section-no wpr-equal-height-no e-con e-child\" data-id=\"5c633b61\" data-element_type=\"container\" data-e-type=\"container\" data-settings=\"{&quot;_ha_eqh_enable&quot;:false}\">\n\t\t\t\t<div class=\"elementor-element elementor-element-4a7880b3 elementor-widget elementor-widget-image\" data-id=\"4a7880b3\" data-element_type=\"widget\" data-e-type=\"widget\" data-widget_type=\"image.default\">\n\t\t\t\t<div class=\"elementor-widget-container\">\n\t\t\t\t\t\t\t\t\t\t\t\t\t\t\t<img decoding=\"async\" width=\"600\" height=\"400\" src=\"https:\/\/ausbildungsbridge.de\/wp-content\/uploads\/2025\/05\/23.jpg\" class=\"attachment-large size-large wp-image-5110\" alt=\"\" srcset=\"https:\/\/ausbildungsbridge.de\/wp-content\/uploads\/2025\/05\/23.jpg 600w, https:\/\/ausbildungsbridge.de\/wp-content\/uploads\/2025\/05\/23-300x200.jpg 300w\" sizes=\"(max-width: 600px) 100vw, 600px\" \/>\t\t\t\t\t\t\t\t\t\t\t\t\t\t\t<\/div>\n\t\t\t\t<\/div>\n\t\t\t\t<\/div>\n\t\t\t\t\t<\/div>\n\t\t\t\t<\/div>\n\t\t<div class=\"elementor-element elementor-element-3064bb5e e-con-full e-flex wpr-particle-no wpr-jarallax-no wpr-sticky-section-no wpr-equal-height-no e-con e-child\" data-id=\"3064bb5e\" data-element_type=\"container\" data-e-type=\"container\" data-settings=\"{&quot;_ha_eqh_enable&quot;:false}\">\n\t\t\t\t<div class=\"elementor-element elementor-element-32409986 elementor-widget-divider--view-line elementor-widget elementor-widget-divider\" data-id=\"32409986\" data-element_type=\"widget\" data-e-type=\"widget\" data-widget_type=\"divider.default\">\n\t\t\t\t<div class=\"elementor-widget-container\">\n\t\t\t\t\t\t\t<div class=\"elementor-divider\">\n\t\t\t<span class=\"elementor-divider-separator\">\n\t\t\t\t\t\t<\/span>\n\t\t<\/div>\n\t\t\t\t\t\t<\/div>\n\t\t\t\t<\/div>\n\t\t\t\t<div class=\"elementor-element elementor-element-2bb553b elementor-widget elementor-widget-heading\" data-id=\"2bb553b\" data-element_type=\"widget\" data-e-type=\"widget\" data-widget_type=\"heading.default\">\n\t\t\t\t<div class=\"elementor-widget-container\">\n\t\t\t\t\t<h2 class=\"elementor-heading-title elementor-size-default\"><b>Requirements<\/b><\/h2>\t\t\t\t<\/div>\n\t\t\t\t<\/div>\n\t\t\t\t<div class=\"elementor-element elementor-element-7e0594cb elementor-widget elementor-widget-text-editor\" data-id=\"7e0594cb\" data-element_type=\"widget\" data-e-type=\"widget\" data-widget_type=\"text-editor.default\">\n\t\t\t\t<div class=\"elementor-widget-container\">\n\t\t\t\t\t\t\t\t\t<p style=\"text-align: center;\" data-start=\"199\" data-end=\"256\">What you need to bring with you for Ausbildung.<\/p>\t\t\t\t\t\t\t\t<\/div>\n\t\t\t\t<\/div>\n\t\t\t\t<\/div>\n\t\t<div class=\"elementor-element elementor-element-68d158c2 e-flex e-con-boxed wpr-particle-no wpr-jarallax-no wpr-sticky-section-no wpr-equal-height-no e-con e-parent\" data-id=\"68d158c2\" data-element_type=\"container\" data-e-type=\"container\" data-settings=\"{&quot;_ha_eqh_enable&quot;:false}\">\n\t\t\t\t\t<div class=\"e-con-inner\">\n\t\t<div class=\"elementor-element elementor-element-6e31b842 e-con-full e-flex wpr-particle-no wpr-jarallax-no wpr-sticky-section-no wpr-equal-height-no e-con e-child\" data-id=\"6e31b842\" data-element_type=\"container\" data-e-type=\"container\" data-settings=\"{&quot;_ha_eqh_enable&quot;:false}\">\n\t\t\t\t<div class=\"elementor-element elementor-element-6112e662 elementor-widget elementor-widget-ha-icon-box happy-addon ha-icon-box\" data-id=\"6112e662\" data-element_type=\"widget\" data-e-type=\"widget\" data-widget_type=\"ha-icon-box.default\">\n\t\t\t\t<div class=\"elementor-widget-container\">\n\t\t\t\n\t\t\n\t\t\t\t\t\t<span class=\"ha-icon-box-icon\">\n\t\t\t\t\t<i class=\"huge huge-money-not-found-03\"><\/i>\t\t\t\t<\/span>\n\t\t<h2 class=\"ha-icon-box-title\">School-Leaving Certificate: at least Secondary School Level<\/h2>\t\t<\/div>\n\t\t\t\t<\/div>\n\t\t\t\t<\/div>\n\t\t<div class=\"elementor-element elementor-element-7ca54904 e-con-full e-flex wpr-particle-no wpr-jarallax-no wpr-sticky-section-no wpr-equal-height-no e-con e-child\" data-id=\"7ca54904\" data-element_type=\"container\" data-e-type=\"container\" data-settings=\"{&quot;_ha_eqh_enable&quot;:false}\">\n\t\t\t\t<div class=\"elementor-element elementor-element-4cfc37fd elementor-widget elementor-widget-ha-icon-box happy-addon ha-icon-box\" data-id=\"4cfc37fd\" data-element_type=\"widget\" data-e-type=\"widget\" data-widget_type=\"ha-icon-box.default\">\n\t\t\t\t<div class=\"elementor-widget-container\">\n\t\t\t\n\t\t\n\t\t\t\t\t\t<span class=\"ha-icon-box-icon\">\n\t\t\t\t\t<i class=\"huge huge-money-receive-flow-02\"><\/i>\t\t\t\t<\/span>\n\t\t<h2 class=\"ha-icon-box-title\">Language Skills: German B2 recommended<\/h2>\t\t<\/div>\n\t\t\t\t<\/div>\n\t\t\t\t<\/div>\n\t\t<div class=\"elementor-element elementor-element-37b9c27a e-con-full e-flex wpr-particle-no wpr-jarallax-no wpr-sticky-section-no wpr-equal-height-no e-con e-child\" data-id=\"37b9c27a\" data-element_type=\"container\" data-e-type=\"container\" data-settings=\"{&quot;_ha_eqh_enable&quot;:false}\">\n\t\t\t\t<div class=\"elementor-element elementor-element-ec4d7f6 elementor-widget elementor-widget-ha-icon-box happy-addon ha-icon-box\" data-id=\"ec4d7f6\" data-element_type=\"widget\" data-e-type=\"widget\" data-widget_type=\"ha-icon-box.default\">\n\t\t\t\t<div class=\"elementor-widget-container\">\n\t\t\t\n\t\t\n\t\t\t\t\t\t<span class=\"ha-icon-box-icon\">\n\t\t\t\t\t<i class=\"huge huge-passport\"><\/i>\t\t\t\t<\/span>\n\t\t<h2 class=\"ha-icon-box-title\">Interest in numbers, law and economics<\/h2>\t\t<\/div>\n\t\t\t\t<\/div>\n\t\t\t\t<\/div>\n\t\t<div class=\"elementor-element elementor-element-2fa16b96 e-con-full e-flex wpr-particle-no wpr-jarallax-no wpr-sticky-section-no wpr-equal-height-no e-con e-child\" data-id=\"2fa16b96\" data-element_type=\"container\" data-e-type=\"container\" data-settings=\"{&quot;_ha_eqh_enable&quot;:false}\">\n\t\t\t\t<div class=\"elementor-element elementor-element-767f501a elementor-widget elementor-widget-ha-icon-box happy-addon ha-icon-box\" data-id=\"767f501a\" data-element_type=\"widget\" data-e-type=\"widget\" data-widget_type=\"ha-icon-box.default\">\n\t\t\t\t<div class=\"elementor-widget-container\">\n\t\t\t\n\t\t\n\t\t\t\t\t\t<span class=\"ha-icon-box-icon\">\n\t\t\t\t\t<i class=\"huge huge-briefcase-06\"><\/i>\t\t\t\t<\/span>\n\t\t<h2 class=\"ha-icon-box-title\">Accuracy, discretion and analytical thinking<\/h2>\t\t<\/div>\n\t\t\t\t<\/div>\n\t\t\t\t<\/div>\n\t\t\t\t\t<\/div>\n\t\t\t\t<\/div>\n\t\t<div class=\"elementor-element elementor-element-270988b3 e-flex e-con-boxed wpr-particle-no wpr-jarallax-no wpr-sticky-section-no wpr-equal-height-no e-con e-parent\" data-id=\"270988b3\" data-element_type=\"container\" data-e-type=\"container\" data-settings=\"{&quot;_ha_eqh_enable&quot;:false}\">\n\t\t\t\t\t<div class=\"e-con-inner\">\n\t\t\t\t<div class=\"elementor-element elementor-element-50759012 elementor-widget-divider--view-line elementor-widget elementor-widget-divider\" data-id=\"50759012\" data-element_type=\"widget\" data-e-type=\"widget\" data-widget_type=\"divider.default\">\n\t\t\t\t<div class=\"elementor-widget-container\">\n\t\t\t\t\t\t\t<div class=\"elementor-divider\">\n\t\t\t<span class=\"elementor-divider-separator\">\n\t\t\t\t\t\t<\/span>\n\t\t<\/div>\n\t\t\t\t\t\t<\/div>\n\t\t\t\t<\/div>\n\t\t\t\t\t<\/div>\n\t\t\t\t<\/div>\n\t\t<div class=\"elementor-element elementor-element-5dabc4cd e-con-full e-flex wpr-particle-no wpr-jarallax-no wpr-sticky-section-no wpr-equal-height-no e-con e-child\" data-id=\"5dabc4cd\" data-element_type=\"container\" data-e-type=\"container\" data-settings=\"{&quot;_ha_eqh_enable&quot;:false}\">\n\t\t\t\t<div class=\"elementor-element elementor-element-487d3734 elementor-widget elementor-widget-heading\" data-id=\"487d3734\" data-element_type=\"widget\" data-e-type=\"widget\" data-widget_type=\"heading.default\">\n\t\t\t\t<div class=\"elementor-widget-container\">\n\t\t\t\t\t<h2 class=\"elementor-heading-title elementor-size-default\"><b>Career Opportunities after Ausbildung<\/b><\/h2>\t\t\t\t<\/div>\n\t\t\t\t<\/div>\n\t\t\t\t<div class=\"elementor-element elementor-element-69224854 elementor-widget elementor-widget-text-editor\" data-id=\"69224854\" data-element_type=\"widget\" data-e-type=\"widget\" data-widget_type=\"text-editor.default\">\n\t\t\t\t<div class=\"elementor-widget-container\">\n\t\t\t\t\t\t\t\t\t<p style=\"text-align: center;\">After your training, you can work in tax offices, companies or public authorities. With further training, it is also possible to become a tax consultant.<\/p>\t\t\t\t\t\t\t\t<\/div>\n\t\t\t\t<\/div>\n\t\t\t\t<\/div>\n\t\t<div class=\"elementor-element elementor-element-7a496e42 e-flex e-con-boxed wpr-particle-no wpr-jarallax-no wpr-sticky-section-no wpr-equal-height-no e-con e-parent\" data-id=\"7a496e42\" data-element_type=\"container\" data-e-type=\"container\" data-settings=\"{&quot;_ha_eqh_enable&quot;:false}\">\n\t\t\t\t\t<div class=\"e-con-inner\">\n\t\t\t\t<div class=\"elementor-element elementor-element-53ee79f8 elementor-widget elementor-widget-eael-image-accordion\" data-id=\"53ee79f8\" data-element_type=\"widget\" data-e-type=\"widget\" data-widget_type=\"eael-image-accordion.default\">\n\t\t\t\t<div class=\"elementor-widget-container\">\n\t\t\t\t\t    <div class=\"eael-img-accordion accordion-direction-horizontal eael-img-accordion-horizontal-align-center eael-img-accordion-vertical-align-center\" id=\"eael-img-accordion-53ee79f8\" data-img-accordion-id=\"53ee79f8\" data-img-accordion-type=\"on-hover\">\n                    \n            <div class=\"eael-image-accordion-hover eael-image-accordion-item\" style=\"background-image: url(https:\/\/ausbildungsbridge.de\/wp-content\/uploads\/2025\/05\/24.jpg);\"  tabindex=\"0\">\n                <div class=\"overlay\">\n                                        <div class=\"overlay-inner\">\n                        <h2 class=\"img-accordion-title\">Tax Consulting Firms<\/h2>                    <\/div>\n                <\/div>\n            <\/div>\n                    \n            <div class=\"eael-image-accordion-hover eael-image-accordion-item\" style=\"background-image: url(https:\/\/ausbildungsbridge.de\/wp-content\/uploads\/2025\/05\/25.jpg);\"  tabindex=\"0\">\n                <div class=\"overlay\">\n                                        <div class=\"overlay-inner\">\n                        <h2 class=\"img-accordion-title\">Accounting and Bookkeeping Departments<\/h2>                    <\/div>\n                <\/div>\n            <\/div>\n                    \n            <div class=\"eael-image-accordion-hover eael-image-accordion-item\" style=\"background-image: url(https:\/\/ausbildungsbridge.de\/wp-content\/uploads\/2025\/05\/26.jpg);\"  tabindex=\"0\">\n                <div class=\"overlay\">\n                                        <div class=\"overlay-inner\">\n                        <h2 class=\"img-accordion-title\">Tax Offices<\/h2>                            <p><p>(with Additional Qualification)<\/p><\/p>\n                                            <\/div>\n                <\/div>\n            <\/div>\n                    \n            <div class=\"eael-image-accordion-hover eael-image-accordion-item\" style=\"background-image: url(https:\/\/ausbildungsbridge.de\/wp-content\/uploads\/2025\/05\/27.jpg);\"  tabindex=\"0\">\n                <div class=\"overlay\">\n                                        <div class=\"overlay-inner\">\n                        <h2 class=\"img-accordion-title\">Auditing<\/h2>                    <\/div>\n                <\/div>\n            <\/div>\n                <\/div>\n        <style typr=\"text\/css\">\n                    #eael-img-accordion-53ee79f8 .eael-image-accordion-hover:hover {\n                        flex: 3 1 0% !important;\n                    }\n                    #eael-img-accordion-53ee79f8 .eael-image-accordion-hover:hover:hover .overlay-inner * {\n                        opacity: 1;\n                        visibility: visible;\n                        transform: none;\n                        transition: all .3s .3s;\n                    }\n                <\/style>\t\t\t\t<\/div>\n\t\t\t\t<\/div>\n\t\t\t\t\t<\/div>\n\t\t\t\t<\/div>\n\t\t<div class=\"elementor-element elementor-element-1025e2cc e-flex e-con-boxed wpr-particle-no wpr-jarallax-no wpr-sticky-section-no wpr-equal-height-no e-con e-parent\" data-id=\"1025e2cc\" data-element_type=\"container\" data-e-type=\"container\" data-settings=\"{&quot;_ha_eqh_enable&quot;:false}\">\n\t\t\t\t\t<div class=\"e-con-inner\">\n\t\t\t\t<div class=\"elementor-element elementor-element-7db4f856 wpr-promo-box-style-cover elementor-widget elementor-widget-wpr-promo-box\" data-id=\"7db4f856\" data-element_type=\"widget\" data-e-type=\"widget\" data-widget_type=\"wpr-promo-box.default\">\n\t\t\t\t<div class=\"elementor-widget-container\">\n\t\t\t\t\t\n\t\t<div class=\"wpr-promo-box wpr-animation-wrap\">\n\n\t\t\t\t\t\t\t\n\t\t\t\t\t\t\t<div class=\"wpr-promo-box-image\">\n\t\t\t\t\t<div class=\"wpr-promo-box-bg-image wpr-bg-anim-zoom-out wpr-anim-timing-ease-default\" style=\"background-image:url(https:\/\/ausbildungsbridge.de\/wp-content\/uploads\/2025\/05\/11-1.jpg);\"><\/div>\n\t\t\t\t\t<div class=\"wpr-promo-box-bg-overlay wpr-border-anim-oscar\"><\/div>\n\t\t\t\t<\/div>\n\t\t\t\t\t\t\n\t\t\t<div class=\"wpr-promo-box-content\">\n\n\t\t\t\t\t\t\t\t<div class=\"wpr-promo-box-icon\">\n\t\t\t\t\t\t\t\t\t<\/div>\n\t\t\t\t\n\t\t\t\t<h3 class=\"wpr-promo-box-title\"><span>Apply now and get started.<\/span><\/h3>\n\t\t\t\t\t\t\t\t\t<div class=\"wpr-promo-box-description\">\n\t\t\t\t\t\t<p><p><span style=\"color: #ffffff\">Start your career in one of the most sought-after professions in Germany.<\/span><\/p><\/p>\t\n\t\t\t\t\t<\/div>\t\t\t\t\t\t\n\t\t\t\t\n\t\t\t\t\t\t\t\t\t<div class=\"wpr-promo-box-btn-wrap\">\n\t\t\t\t\t\t<a class=\"wpr-promo-box-btn\" href=\"https:\/\/ausbildungsbridge.de\/en\/apply-now\/\">\n\n\t\t\t\t\t\t\t\t\t\t\t\t\t\t<span class=\"wpr-promo-box-btn-text\">Apply Now<\/span>\t\t\n\t\t\t\t\t\t\t\n\t\t\t\t\t\t\t\t\t\t\t\t\t<\/a>\n\t\t\t\t\t<\/div>\t\n\t\t\t\t\t\t\t<\/div>\n\n\t\t\t\t\t<\/div>\n\n\t\t\t\t\t\t<\/div>\n\t\t\t\t<\/div>\n\t\t\t\t\t<\/div>\n\t\t\t\t<\/div>\n\t\t\t\t<\/div>","protected":false},"excerpt":{"rendered":"<p>Home \/ Page Zahlen verstehen, Recht anwenden, Verantwortung tragen Als Steuerfachangestellte (m\/w\/d)\u00a0arbeitest du eng mit Steuerberatern, Unternehmen und Privatpersonen zusammen. Du hilfst bei der Erstellung von Steuererkl\u00e4rungen, pr\u00fcfst Buchhaltungen und bereitest Jahresabschl\u00fcsse vor. Dieser Beruf verbindet rechtliches Wissen mit wirtschaftlichem Denken \u2013 ideal f\u00fcr strukturierte K\u00f6pfe mit Interesse an Finanzen. Ausbildung im \u00dcberblick Dauer: 3 Jahre (Vollzeit) Aufgaben w\u00e4hrend der Ausbildung: Du bearbeitest Steuererkl\u00e4rungen, pr\u00fcfst Belege, f\u00fchrst Buchungen durch und ber\u00e4tst Mandanten zu steuerlichen Fragen. Du arbeitest am Computer und lernst viel \u00fcber deutsches Steuerrecht und Wirtschaftsprozesse. Gehalt: Jahr: ca. \u20ac900\u20131.050 Jahr: ca. \u20ac1.000\u20131.150 Jahr: ca. \u20ac1.100\u20131.300 Voraussetzungen Was du f\u00fcr die Ausbildung mitbringen musst. Schulabschluss: mind. Realschulniveau Sprachkenntnisse: Deutsch B2 empfohlen Interesse an Zahlen, Recht und Wirtschaft Genauigkeit, Diskretion und analytisches Denken Karrierechancen nach der Ausbildung Nach der Ausbildung kannst du in Steuerkanzleien, Unternehmen oder Beh\u00f6rden arbeiten. Mit Weiterbildung ist auch der Weg zum\/zur Steuerberater\/in m\u00f6glich. Steuerberatungskanzleien Buchhaltungs- und Rechnungswesenabteilungen Finanz\u00e4mter (mit Zusatzqualifikation) Wirtschaftspr\u00fcfung Jetzt bewerben und durchstarten! Starte deine Karriere in einem der gefragtesten Berufe Deutschlands. Jetzt bewerben<\/p>","protected":false},"author":1,"featured_media":0,"parent":0,"menu_order":0,"comment_status":"closed","ping_status":"closed","template":"elementor_header_footer","meta":{"footnotes":""},"class_list":["post-5098","page","type-page","status-publish","hentry"],"_links":{"self":[{"href":"https:\/\/ausbildungsbridge.de\/en\/wp-json\/wp\/v2\/pages\/5098","targetHints":{"allow":["GET"]}}],"collection":[{"href":"https:\/\/ausbildungsbridge.de\/en\/wp-json\/wp\/v2\/pages"}],"about":[{"href":"https:\/\/ausbildungsbridge.de\/en\/wp-json\/wp\/v2\/types\/page"}],"author":[{"embeddable":true,"href":"https:\/\/ausbildungsbridge.de\/en\/wp-json\/wp\/v2\/users\/1"}],"replies":[{"embeddable":true,"href":"https:\/\/ausbildungsbridge.de\/en\/wp-json\/wp\/v2\/comments?post=5098"}],"version-history":[{"count":22,"href":"https:\/\/ausbildungsbridge.de\/en\/wp-json\/wp\/v2\/pages\/5098\/revisions"}],"predecessor-version":[{"id":5247,"href":"https:\/\/ausbildungsbridge.de\/en\/wp-json\/wp\/v2\/pages\/5098\/revisions\/5247"}],"wp:attachment":[{"href":"https:\/\/ausbildungsbridge.de\/en\/wp-json\/wp\/v2\/media?parent=5098"}],"curies":[{"name":"wp","href":"https:\/\/api.w.org\/{rel}","templated":true}]}}