{"id":5045,"date":"2025-05-30T11:51:49","date_gmt":"2025-05-30T11:51:49","guid":{"rendered":"https:\/\/ausbildungsbridge.de\/?page_id=5045"},"modified":"2025-06-01T12:19:39","modified_gmt":"2025-06-01T12:19:39","slug":"buromanagement","status":"publish","type":"page","link":"https:\/\/ausbildungsbridge.de\/en\/buromanagement\/","title":{"rendered":"Office Manager (m\/f\/d)"},"content":{"rendered":"<div data-elementor-type=\"wp-page\" data-elementor-id=\"5045\" class=\"elementor elementor-5045\" data-elementor-settings=\"{&quot;ha_cmc_init_switcher&quot;:&quot;no&quot;}\">\n\t\t\t\t<div class=\"elementor-element elementor-element-56895edf e-flex e-con-boxed wpr-particle-no wpr-jarallax-no wpr-sticky-section-no wpr-equal-height-no e-con e-parent\" data-id=\"56895edf\" data-element_type=\"container\" data-e-type=\"container\" data-settings=\"{&quot;_ha_eqh_enable&quot;:false}\">\n\t\t\t\t\t<div class=\"e-con-inner\">\n\t\t\t\t<div class=\"elementor-element elementor-element-350c7d82 elementor-widget elementor-widget-eael-breadcrumbs\" data-id=\"350c7d82\" data-element_type=\"widget\" data-e-type=\"widget\" data-widget_type=\"eael-breadcrumbs.default\">\n\t\t\t\t<div class=\"elementor-widget-container\">\n\t\t\t\t\t\t\t<div class=\"eael-breadcrumbs\">\n\t\t\t<div class=\"eael-breadcrumbs__content\"><a href=\"https:\/\/ausbildungsbridge.de\/en\">Home<\/a> <span class=\"eael-breadcrumb-separator\">\/<\/span> <span class = \"eael-current\">Page<\/span><\/div>\t\t<\/div>\n\t\t\t\t\t\t<\/div>\n\t\t\t\t<\/div>\n\t\t\t\t\t<\/div>\n\t\t\t\t<\/div>\n\t\t<div class=\"elementor-element elementor-element-319bf8e5 e-flex e-con-boxed wpr-particle-no wpr-jarallax-no wpr-sticky-section-no wpr-equal-height-no e-con e-parent\" data-id=\"319bf8e5\" data-element_type=\"container\" data-e-type=\"container\" data-settings=\"{&quot;_ha_eqh_enable&quot;:false}\">\n\t\t\t\t\t<div class=\"e-con-inner\">\n\t\t<div class=\"elementor-element elementor-element-45666c06 e-con-full e-flex wpr-particle-no wpr-jarallax-no wpr-sticky-section-no wpr-equal-height-no e-con e-child\" data-id=\"45666c06\" data-element_type=\"container\" data-e-type=\"container\" data-settings=\"{&quot;_ha_eqh_enable&quot;:false}\">\n\t\t\t\t<div class=\"elementor-element elementor-element-330f0ee1 elementor-widget elementor-widget-heading\" data-id=\"330f0ee1\" data-element_type=\"widget\" data-e-type=\"widget\" data-widget_type=\"heading.default\">\n\t\t\t\t<div class=\"elementor-widget-container\">\n\t\t\t\t\t<h2 class=\"elementor-heading-title elementor-size-default\"><span style=\"font-size: 30.4232px\">Organize, coordinate, help shape<\/span><\/h2>\t\t\t\t<\/div>\n\t\t\t\t<\/div>\n\t\t\t\t<div class=\"elementor-element elementor-element-7a9b7c63 elementor-widget elementor-widget-text-editor\" data-id=\"7a9b7c63\" data-element_type=\"widget\" data-e-type=\"widget\" data-widget_type=\"text-editor.default\">\n\t\t\t\t<div class=\"elementor-widget-container\">\n\t\t\t\t\t\t\t\t\t<p class=\"translation-block\">As a <strong data-start=\"377\" data-end=\"389\">management assistant<\/strong> or <strong data-start=\"395\" data-end=\"426\">office management clerk (m\/f\/d)<\/strong>, you will take on key tasks in administration, communication, and organization within a company.<\/p><p>You are the organizational backbone - whether in the secretariat, in accounting or in project planning. This apprenticeship is one of the most popular in Germany.<\/p>\t\t\t\t\t\t\t\t<\/div>\n\t\t\t\t<\/div>\n\t\t\t\t<\/div>\n\t\t<div class=\"elementor-element elementor-element-735c0c37 e-con-full e-flex wpr-particle-no wpr-jarallax-no wpr-sticky-section-no wpr-equal-height-no e-con e-child\" data-id=\"735c0c37\" data-element_type=\"container\" data-e-type=\"container\" data-settings=\"{&quot;_ha_eqh_enable&quot;:false}\">\n\t\t\t\t<div class=\"elementor-element elementor-element-687073d6 elementor-widget elementor-widget-image\" data-id=\"687073d6\" data-element_type=\"widget\" data-e-type=\"widget\" data-widget_type=\"image.default\">\n\t\t\t\t<div class=\"elementor-widget-container\">\n\t\t\t\t\t\t\t\t\t\t\t\t\t\t\t<img fetchpriority=\"high\" decoding=\"async\" width=\"600\" height=\"400\" src=\"https:\/\/ausbildungsbridge.de\/wp-content\/uploads\/2025\/05\/10-1.jpg\" class=\"attachment-large size-large wp-image-5060\" alt=\"\" srcset=\"https:\/\/ausbildungsbridge.de\/wp-content\/uploads\/2025\/05\/10-1.jpg 600w, https:\/\/ausbildungsbridge.de\/wp-content\/uploads\/2025\/05\/10-1-300x200.jpg 300w\" sizes=\"(max-width: 600px) 100vw, 600px\" \/>\t\t\t\t\t\t\t\t\t\t\t\t\t\t\t<\/div>\n\t\t\t\t<\/div>\n\t\t\t\t<\/div>\n\t\t\t\t\t<\/div>\n\t\t\t\t<\/div>\n\t\t<div class=\"elementor-element elementor-element-2705e7af e-flex e-con-boxed wpr-particle-no wpr-jarallax-no wpr-sticky-section-no wpr-equal-height-no e-con e-parent\" data-id=\"2705e7af\" data-element_type=\"container\" data-e-type=\"container\" data-settings=\"{&quot;_ha_eqh_enable&quot;:false}\">\n\t\t\t\t\t<div class=\"e-con-inner\">\n\t\t\t\t<div class=\"elementor-element elementor-element-280e4aac elementor-widget-divider--view-line elementor-widget elementor-widget-divider\" data-id=\"280e4aac\" data-element_type=\"widget\" data-e-type=\"widget\" data-widget_type=\"divider.default\">\n\t\t\t\t<div class=\"elementor-widget-container\">\n\t\t\t\t\t\t\t<div class=\"elementor-divider\">\n\t\t\t<span class=\"elementor-divider-separator\">\n\t\t\t\t\t\t<\/span>\n\t\t<\/div>\n\t\t\t\t\t\t<\/div>\n\t\t\t\t<\/div>\n\t\t\t\t\t<\/div>\n\t\t\t\t<\/div>\n\t\t<div class=\"elementor-element elementor-element-3d66b43d e-flex e-con-boxed wpr-particle-no wpr-jarallax-no wpr-sticky-section-no wpr-equal-height-no e-con e-parent\" data-id=\"3d66b43d\" data-element_type=\"container\" data-e-type=\"container\" data-settings=\"{&quot;_ha_eqh_enable&quot;:false}\">\n\t\t\t\t\t<div class=\"e-con-inner\">\n\t\t<div class=\"elementor-element elementor-element-5e84d029 e-con-full e-flex wpr-particle-no wpr-jarallax-no wpr-sticky-section-no wpr-equal-height-no e-con e-child\" data-id=\"5e84d029\" data-element_type=\"container\" data-e-type=\"container\" data-settings=\"{&quot;_ha_eqh_enable&quot;:false}\">\n\t\t\t\t<div class=\"elementor-element elementor-element-7fc14347 elementor-widget elementor-widget-heading\" data-id=\"7fc14347\" data-element_type=\"widget\" data-e-type=\"widget\" data-widget_type=\"heading.default\">\n\t\t\t\t<div class=\"elementor-widget-container\">\n\t\t\t\t\t<h2 class=\"elementor-heading-title elementor-size-default\"><span style=\"font-size: 30.4232px\">Ausbildung Overview<\/span><\/h2>\t\t\t\t<\/div>\n\t\t\t\t<\/div>\n\t\t\t\t<div class=\"elementor-element elementor-element-2869b665 elementor-widget elementor-widget-text-editor\" data-id=\"2869b665\" data-element_type=\"widget\" data-e-type=\"widget\" data-widget_type=\"text-editor.default\">\n\t\t\t\t<div class=\"elementor-widget-container\">\n\t\t\t\t\t\t\t\t\t<ul><li data-start=\"702\" data-end=\"735\"><p data-start=\"704\" data-end=\"735\" class=\"translation-block\"><strong data-start=\"704\" data-end=\"714\">Duration:<\/strong> 3 years (full-time)<\/p><\/li><li data-start=\"702\" data-end=\"735\"><p data-start=\"704\" data-end=\"735\" class=\"translation-block\"><strong data-start=\"738\" data-end=\"774\">Tasks during the training:<\/strong> You will organize processes, handle invoices, coordinate appointments, and manage correspondence. Customer service and personnel administration may also be part of your daily routine.<\/p><\/li><li data-start=\"1029\" data-end=\"1140\"><p data-start=\"1031\" data-end=\"1044\"><strong data-start=\"1031\" data-end=\"1042\">Salary:<\/strong><\/p><ul data-start=\"1047\" data-end=\"1140\"><li data-start=\"1047\" data-end=\"1076\"><ol data-start=\"1049\" data-end=\"1076\"><li data-start=\"1049\" data-end=\"1076\"><p data-start=\"1052\" data-end=\"1076\">Year: approx. \u20ac850-1,000<\/p><\/li><\/ol><\/li><li data-start=\"1079\" data-end=\"1108\"><ol start=\"2\" data-start=\"1081\" data-end=\"1108\"><li data-start=\"1081\" data-end=\"1108\"><p data-start=\"1084\" data-end=\"1108\">Year: approx. \u20ac950-1,100<\/p><\/li><\/ol><\/li><li data-start=\"1111\" data-end=\"1140\"><ol start=\"3\" data-start=\"1113\" data-end=\"1140\"><li data-start=\"1113\" data-end=\"1140\"><p data-start=\"1116\" data-end=\"1140\">Year: approx. \u20ac1,050-1,200<\/p><\/li><\/ol><\/li><\/ul><\/li><\/ul>\t\t\t\t\t\t\t\t<\/div>\n\t\t\t\t<\/div>\n\t\t\t\t<\/div>\n\t\t<div class=\"elementor-element elementor-element-6530c534 e-con-full e-flex wpr-particle-no wpr-jarallax-no wpr-sticky-section-no wpr-equal-height-no e-con e-child\" data-id=\"6530c534\" data-element_type=\"container\" data-e-type=\"container\" data-settings=\"{&quot;_ha_eqh_enable&quot;:false}\">\n\t\t\t\t<div class=\"elementor-element elementor-element-4b39409f elementor-widget elementor-widget-image\" data-id=\"4b39409f\" data-element_type=\"widget\" data-e-type=\"widget\" data-widget_type=\"image.default\">\n\t\t\t\t<div class=\"elementor-widget-container\">\n\t\t\t\t\t\t\t\t\t\t\t\t\t\t\t<img decoding=\"async\" width=\"600\" height=\"400\" src=\"https:\/\/ausbildungsbridge.de\/wp-content\/uploads\/2025\/05\/11-1.jpg\" class=\"attachment-large size-large wp-image-5061\" alt=\"\" srcset=\"https:\/\/ausbildungsbridge.de\/wp-content\/uploads\/2025\/05\/11-1.jpg 600w, https:\/\/ausbildungsbridge.de\/wp-content\/uploads\/2025\/05\/11-1-300x200.jpg 300w\" sizes=\"(max-width: 600px) 100vw, 600px\" \/>\t\t\t\t\t\t\t\t\t\t\t\t\t\t\t<\/div>\n\t\t\t\t<\/div>\n\t\t\t\t<\/div>\n\t\t\t\t\t<\/div>\n\t\t\t\t<\/div>\n\t\t<div class=\"elementor-element elementor-element-7f5966b2 e-con-full e-flex wpr-particle-no wpr-jarallax-no wpr-sticky-section-no wpr-equal-height-no e-con e-child\" data-id=\"7f5966b2\" data-element_type=\"container\" data-e-type=\"container\" data-settings=\"{&quot;_ha_eqh_enable&quot;:false}\">\n\t\t\t\t<div class=\"elementor-element elementor-element-eb9c77a elementor-widget-divider--view-line elementor-widget elementor-widget-divider\" data-id=\"eb9c77a\" data-element_type=\"widget\" data-e-type=\"widget\" data-widget_type=\"divider.default\">\n\t\t\t\t<div class=\"elementor-widget-container\">\n\t\t\t\t\t\t\t<div class=\"elementor-divider\">\n\t\t\t<span class=\"elementor-divider-separator\">\n\t\t\t\t\t\t<\/span>\n\t\t<\/div>\n\t\t\t\t\t\t<\/div>\n\t\t\t\t<\/div>\n\t\t\t\t<div class=\"elementor-element elementor-element-294a443d elementor-widget elementor-widget-heading\" data-id=\"294a443d\" data-element_type=\"widget\" data-e-type=\"widget\" data-widget_type=\"heading.default\">\n\t\t\t\t<div class=\"elementor-widget-container\">\n\t\t\t\t\t<h2 class=\"elementor-heading-title elementor-size-default\"><b>Requirements<\/b><\/h2>\t\t\t\t<\/div>\n\t\t\t\t<\/div>\n\t\t\t\t<div class=\"elementor-element elementor-element-78792133 elementor-widget elementor-widget-text-editor\" data-id=\"78792133\" data-element_type=\"widget\" data-e-type=\"widget\" data-widget_type=\"text-editor.default\">\n\t\t\t\t<div class=\"elementor-widget-container\">\n\t\t\t\t\t\t\t\t\t<p style=\"text-align: center;\" data-start=\"199\" data-end=\"256\">What you need to bring with you for Ausbildung.<\/p>\t\t\t\t\t\t\t\t<\/div>\n\t\t\t\t<\/div>\n\t\t\t\t<\/div>\n\t\t<div class=\"elementor-element elementor-element-5dfa1f8b e-flex e-con-boxed wpr-particle-no wpr-jarallax-no wpr-sticky-section-no wpr-equal-height-no e-con e-parent\" data-id=\"5dfa1f8b\" data-element_type=\"container\" data-e-type=\"container\" data-settings=\"{&quot;_ha_eqh_enable&quot;:false}\">\n\t\t\t\t\t<div class=\"e-con-inner\">\n\t\t<div class=\"elementor-element elementor-element-6acc97cd e-con-full e-flex wpr-particle-no wpr-jarallax-no wpr-sticky-section-no wpr-equal-height-no e-con e-child\" data-id=\"6acc97cd\" data-element_type=\"container\" data-e-type=\"container\" data-settings=\"{&quot;_ha_eqh_enable&quot;:false}\">\n\t\t\t\t<div class=\"elementor-element elementor-element-421a9d4a elementor-widget elementor-widget-ha-icon-box happy-addon ha-icon-box\" data-id=\"421a9d4a\" data-element_type=\"widget\" data-e-type=\"widget\" data-widget_type=\"ha-icon-box.default\">\n\t\t\t\t<div class=\"elementor-widget-container\">\n\t\t\t\n\t\t\n\t\t\t\t\t\t<span class=\"ha-icon-box-icon\">\n\t\t\t\t\t<i class=\"huge huge-money-not-found-03\"><\/i>\t\t\t\t<\/span>\n\t\t<h2 class=\"ha-icon-box-title\">School-Leaving Certificate: at least Secondary School Level<\/h2>\t\t<\/div>\n\t\t\t\t<\/div>\n\t\t\t\t<\/div>\n\t\t<div class=\"elementor-element elementor-element-4be4a561 e-con-full e-flex wpr-particle-no wpr-jarallax-no wpr-sticky-section-no wpr-equal-height-no e-con e-child\" data-id=\"4be4a561\" data-element_type=\"container\" data-e-type=\"container\" data-settings=\"{&quot;_ha_eqh_enable&quot;:false}\">\n\t\t\t\t<div class=\"elementor-element elementor-element-1da08b93 elementor-widget elementor-widget-ha-icon-box happy-addon ha-icon-box\" data-id=\"1da08b93\" data-element_type=\"widget\" data-e-type=\"widget\" data-widget_type=\"ha-icon-box.default\">\n\t\t\t\t<div class=\"elementor-widget-container\">\n\t\t\t\n\t\t\n\t\t\t\t\t\t<span class=\"ha-icon-box-icon\">\n\t\t\t\t\t<i class=\"huge huge-money-receive-flow-02\"><\/i>\t\t\t\t<\/span>\n\t\t<h2 class=\"ha-icon-box-title\">Language Skills: German B1\/B2<\/h2>\t\t<\/div>\n\t\t\t\t<\/div>\n\t\t\t\t<\/div>\n\t\t<div class=\"elementor-element elementor-element-4a8a733c e-con-full e-flex wpr-particle-no wpr-jarallax-no wpr-sticky-section-no wpr-equal-height-no e-con e-child\" data-id=\"4a8a733c\" data-element_type=\"container\" data-e-type=\"container\" data-settings=\"{&quot;_ha_eqh_enable&quot;:false}\">\n\t\t\t\t<div class=\"elementor-element elementor-element-6f924458 elementor-widget elementor-widget-ha-icon-box happy-addon ha-icon-box\" data-id=\"6f924458\" data-element_type=\"widget\" data-e-type=\"widget\" data-widget_type=\"ha-icon-box.default\">\n\t\t\t\t<div class=\"elementor-widget-container\">\n\t\t\t\n\t\t\n\t\t\t\t\t\t<span class=\"ha-icon-box-icon\">\n\t\t\t\t\t<i class=\"huge huge-passport\"><\/i>\t\t\t\t<\/span>\n\t\t<h2 class=\"ha-icon-box-title\">Organisationstalent und Kommunikationsf\u00e4higkeit<\/h2>\t\t<\/div>\n\t\t\t\t<\/div>\n\t\t\t\t<\/div>\n\t\t<div class=\"elementor-element elementor-element-165bd686 e-con-full e-flex wpr-particle-no wpr-jarallax-no wpr-sticky-section-no wpr-equal-height-no e-con e-child\" data-id=\"165bd686\" data-element_type=\"container\" data-e-type=\"container\" data-settings=\"{&quot;_ha_eqh_enable&quot;:false}\">\n\t\t\t\t<div class=\"elementor-element elementor-element-e735adb elementor-widget elementor-widget-ha-icon-box happy-addon ha-icon-box\" data-id=\"e735adb\" data-element_type=\"widget\" data-e-type=\"widget\" data-widget_type=\"ha-icon-box.default\">\n\t\t\t\t<div class=\"elementor-widget-container\">\n\t\t\t\n\t\t\n\t\t\t\t\t\t<span class=\"ha-icon-box-icon\">\n\t\t\t\t\t<i class=\"huge huge-briefcase-06\"><\/i>\t\t\t\t<\/span>\n\t\t<h2 class=\"ha-icon-box-title\">Gute Kenntnisse in MS Office und Interesse an kaufm\u00e4nnischen Themen<\/h2>\t\t<\/div>\n\t\t\t\t<\/div>\n\t\t\t\t<\/div>\n\t\t\t\t\t<\/div>\n\t\t\t\t<\/div>\n\t\t<div class=\"elementor-element elementor-element-4c89fd1d e-flex e-con-boxed wpr-particle-no wpr-jarallax-no wpr-sticky-section-no wpr-equal-height-no e-con e-parent\" data-id=\"4c89fd1d\" data-element_type=\"container\" data-e-type=\"container\" data-settings=\"{&quot;_ha_eqh_enable&quot;:false}\">\n\t\t\t\t\t<div class=\"e-con-inner\">\n\t\t\t\t<div class=\"elementor-element elementor-element-38e27198 elementor-widget-divider--view-line elementor-widget elementor-widget-divider\" data-id=\"38e27198\" data-element_type=\"widget\" data-e-type=\"widget\" data-widget_type=\"divider.default\">\n\t\t\t\t<div class=\"elementor-widget-container\">\n\t\t\t\t\t\t\t<div class=\"elementor-divider\">\n\t\t\t<span class=\"elementor-divider-separator\">\n\t\t\t\t\t\t<\/span>\n\t\t<\/div>\n\t\t\t\t\t\t<\/div>\n\t\t\t\t<\/div>\n\t\t\t\t\t<\/div>\n\t\t\t\t<\/div>\n\t\t<div class=\"elementor-element elementor-element-7199abaf e-con-full e-flex wpr-particle-no wpr-jarallax-no wpr-sticky-section-no wpr-equal-height-no e-con e-child\" data-id=\"7199abaf\" data-element_type=\"container\" data-e-type=\"container\" data-settings=\"{&quot;_ha_eqh_enable&quot;:false}\">\n\t\t\t\t<div class=\"elementor-element elementor-element-46f0383 elementor-widget elementor-widget-heading\" data-id=\"46f0383\" data-element_type=\"widget\" data-e-type=\"widget\" data-widget_type=\"heading.default\">\n\t\t\t\t<div class=\"elementor-widget-container\">\n\t\t\t\t\t<h2 class=\"elementor-heading-title elementor-size-default\"><b>Career Opportunities after Ausbildung<\/b><\/h2>\t\t\t\t<\/div>\n\t\t\t\t<\/div>\n\t\t\t\t<div class=\"elementor-element elementor-element-1400b2b5 elementor-widget elementor-widget-text-editor\" data-id=\"1400b2b5\" data-element_type=\"widget\" data-e-type=\"widget\" data-widget_type=\"text-editor.default\">\n\t\t\t\t<div class=\"elementor-widget-container\">\n\t\t\t\t\t\t\t\t\t<p style=\"text-align: center;\" data-start=\"1376\" data-end=\"1482\">As an office management specialist, you will work in almost all sectors - from start-ups to large corporations.<\/p>\t\t\t\t\t\t\t\t<\/div>\n\t\t\t\t<\/div>\n\t\t\t\t<\/div>\n\t\t<div class=\"elementor-element elementor-element-1816f575 e-flex e-con-boxed wpr-particle-no wpr-jarallax-no wpr-sticky-section-no wpr-equal-height-no e-con e-parent\" data-id=\"1816f575\" data-element_type=\"container\" data-e-type=\"container\" data-settings=\"{&quot;_ha_eqh_enable&quot;:false}\">\n\t\t\t\t\t<div class=\"e-con-inner\">\n\t\t\t\t<div class=\"elementor-element elementor-element-25ca74a elementor-widget elementor-widget-eael-image-accordion\" data-id=\"25ca74a\" data-element_type=\"widget\" data-e-type=\"widget\" data-widget_type=\"eael-image-accordion.default\">\n\t\t\t\t<div class=\"elementor-widget-container\">\n\t\t\t\t\t    <div class=\"eael-img-accordion accordion-direction-horizontal eael-img-accordion-horizontal-align-center eael-img-accordion-vertical-align-center\" id=\"eael-img-accordion-25ca74a\" data-img-accordion-id=\"25ca74a\" data-img-accordion-type=\"on-hover\">\n                    \n            <div class=\"eael-image-accordion-hover eael-image-accordion-item\" style=\"background-image: url(https:\/\/ausbildungsbridge.de\/wp-content\/uploads\/2025\/05\/12-1.jpg);\"  tabindex=\"0\">\n                <div class=\"overlay\">\n                                        <div class=\"overlay-inner\">\n                        <h2 class=\"img-accordion-title\">Administration &amp; Assistance<\/h2>                    <\/div>\n                <\/div>\n            <\/div>\n                    \n            <div class=\"eael-image-accordion-hover eael-image-accordion-item\" style=\"background-image: url(https:\/\/ausbildungsbridge.de\/wp-content\/uploads\/2025\/05\/13.jpg);\"  tabindex=\"0\">\n                <div class=\"overlay\">\n                                        <div class=\"overlay-inner\">\n                        <h2 class=\"img-accordion-title\">Accounting &amp; Controlling<\/h2>                    <\/div>\n                <\/div>\n            <\/div>\n                    \n            <div class=\"eael-image-accordion-hover eael-image-accordion-item\" style=\"background-image: url(https:\/\/ausbildungsbridge.de\/wp-content\/uploads\/2025\/05\/14.jpg);\"  tabindex=\"0\">\n                <div class=\"overlay\">\n                                        <div class=\"overlay-inner\">\n                        <h2 class=\"img-accordion-title\">Personnel Department<\/h2>                    <\/div>\n                <\/div>\n            <\/div>\n                    \n            <div class=\"eael-image-accordion-hover eael-image-accordion-item\" style=\"background-image: url(https:\/\/ausbildungsbridge.de\/wp-content\/uploads\/2025\/05\/15.jpg);\"  tabindex=\"0\">\n                <div class=\"overlay\">\n                                        <div class=\"overlay-inner\">\n                        <h2 class=\"img-accordion-title\">Project and Event Management<\/h2>                    <\/div>\n                <\/div>\n            <\/div>\n                <\/div>\n        <style typr=\"text\/css\">\n                    #eael-img-accordion-25ca74a .eael-image-accordion-hover:hover {\n                        flex: 3 1 0% !important;\n                    }\n                    #eael-img-accordion-25ca74a .eael-image-accordion-hover:hover:hover .overlay-inner * {\n                        opacity: 1;\n                        visibility: visible;\n                        transform: none;\n                        transition: all .3s .3s;\n                    }\n                <\/style>\t\t\t\t<\/div>\n\t\t\t\t<\/div>\n\t\t\t\t\t<\/div>\n\t\t\t\t<\/div>\n\t\t<div class=\"elementor-element elementor-element-753010af e-flex e-con-boxed wpr-particle-no wpr-jarallax-no wpr-sticky-section-no wpr-equal-height-no e-con e-parent\" data-id=\"753010af\" data-element_type=\"container\" data-e-type=\"container\" data-settings=\"{&quot;_ha_eqh_enable&quot;:false}\">\n\t\t\t\t\t<div class=\"e-con-inner\">\n\t\t\t\t<div class=\"elementor-element elementor-element-6cf4b8da wpr-promo-box-style-cover elementor-widget elementor-widget-wpr-promo-box\" data-id=\"6cf4b8da\" data-element_type=\"widget\" data-e-type=\"widget\" data-widget_type=\"wpr-promo-box.default\">\n\t\t\t\t<div class=\"elementor-widget-container\">\n\t\t\t\t\t\n\t\t<div class=\"wpr-promo-box wpr-animation-wrap\">\n\n\t\t\t\t\t\t\t\n\t\t\t\t\t\t\t<div class=\"wpr-promo-box-image\">\n\t\t\t\t\t<div class=\"wpr-promo-box-bg-image wpr-bg-anim-zoom-out wpr-anim-timing-ease-default\" style=\"background-image:url(https:\/\/ausbildungsbridge.de\/wp-content\/uploads\/2025\/05\/4.jpg);\"><\/div>\n\t\t\t\t\t<div class=\"wpr-promo-box-bg-overlay wpr-border-anim-oscar\"><\/div>\n\t\t\t\t<\/div>\n\t\t\t\t\t\t\n\t\t\t<div class=\"wpr-promo-box-content\">\n\n\t\t\t\t\t\t\t\t<div class=\"wpr-promo-box-icon\">\n\t\t\t\t\t\t\t\t\t<\/div>\n\t\t\t\t\n\t\t\t\t<h3 class=\"wpr-promo-box-title\"><span>Apply now and get started.<\/span><\/h3>\n\t\t\t\t\t\t\t\t\t<div class=\"wpr-promo-box-description\">\n\t\t\t\t\t\t<p><p><span style=\"color: #ffffff\">Start your career in one of the most sought-after professions in Germany.<\/span><\/p><\/p>\t\n\t\t\t\t\t<\/div>\t\t\t\t\t\t\n\t\t\t\t\n\t\t\t\t\t\t\t\t\t<div class=\"wpr-promo-box-btn-wrap\">\n\t\t\t\t\t\t<a class=\"wpr-promo-box-btn\" href=\"https:\/\/ausbildungsbridge.de\/en\/apply-now\/\">\n\n\t\t\t\t\t\t\t\t\t\t\t\t\t\t<span class=\"wpr-promo-box-btn-text\">Apply Now<\/span>\t\t\n\t\t\t\t\t\t\t\n\t\t\t\t\t\t\t\t\t\t\t\t\t<\/a>\n\t\t\t\t\t<\/div>\t\n\t\t\t\t\t\t\t<\/div>\n\n\t\t\t\t\t<\/div>\n\n\t\t\t\t\t\t<\/div>\n\t\t\t\t<\/div>\n\t\t\t\t\t<\/div>\n\t\t\t\t<\/div>\n\t\t\t\t<\/div>","protected":false},"excerpt":{"rendered":"<p>Home \/ Page Organisieren, koordinieren, mitgestalten Als Kaufmann\u00a0oder Kauffrau f\u00fcr B\u00fcromanagement (m\/w\/d) \u00a0\u00fcbernimmst du zentrale Aufgaben in der Verwaltung, Kommunikation und Organisation eines Unternehmens. Du bist das organisatorische R\u00fcckgrat \u2013 ob im Sekretariat, im Rechnungswesen oder in der Projektplanung. Diese Ausbildung ist eine der beliebtesten in Deutschland. Ausbildung im \u00dcberblick Dauer: 3 Jahre (Vollzeit) Aufgaben w\u00e4hrend der Ausbildung: Du organisierst Abl\u00e4ufe, bearbeitest Rechnungen, koordinierst Termine und k\u00fcmmerst dich um den Schriftverkehr. Auch Kundenbetreuung und Personalverwaltung k\u00f6nnen Teil deines Alltags sein. Gehalt: Jahr: ca. \u20ac850\u20131.000 Jahr: ca. \u20ac950\u20131.100 Jahr: ca. \u20ac1.050\u20131.200 Voraussetzungen Was du f\u00fcr die Ausbildung mitbringen musst. Schulabschluss: mind. Realschulniveau Sprachkenntnisse: Deutsch B1\/B2 Organisationstalent und Kommunikationsf\u00e4higkeit Gute Kenntnisse in MS Office und Interesse an kaufm\u00e4nnischen Themen Karrierechancen nach der Ausbildung Als Fachkraft f\u00fcr B\u00fcromanagement arbeitest du in nahezu allen Branchen \u2013 vom Start-up bis zum Gro\u00dfkonzern. Verwaltung &amp; Assistenz Buchhaltung &amp; Controlling Personalabteilung Projekt- und Eventmanagement Jetzt bewerben und durchstarten! Starte deine Karriere in einem der gefragtesten Berufe Deutschlands. Jetzt bewerben<\/p>","protected":false},"author":1,"featured_media":0,"parent":0,"menu_order":0,"comment_status":"closed","ping_status":"closed","template":"elementor_header_footer","meta":{"footnotes":""},"class_list":["post-5045","page","type-page","status-publish","hentry"],"_links":{"self":[{"href":"https:\/\/ausbildungsbridge.de\/en\/wp-json\/wp\/v2\/pages\/5045","targetHints":{"allow":["GET"]}}],"collection":[{"href":"https:\/\/ausbildungsbridge.de\/en\/wp-json\/wp\/v2\/pages"}],"about":[{"href":"https:\/\/ausbildungsbridge.de\/en\/wp-json\/wp\/v2\/types\/page"}],"author":[{"embeddable":true,"href":"https:\/\/ausbildungsbridge.de\/en\/wp-json\/wp\/v2\/users\/1"}],"replies":[{"embeddable":true,"href":"https:\/\/ausbildungsbridge.de\/en\/wp-json\/wp\/v2\/comments?post=5045"}],"version-history":[{"count":28,"href":"https:\/\/ausbildungsbridge.de\/en\/wp-json\/wp\/v2\/pages\/5045\/revisions"}],"predecessor-version":[{"id":5244,"href":"https:\/\/ausbildungsbridge.de\/en\/wp-json\/wp\/v2\/pages\/5045\/revisions\/5244"}],"wp:attachment":[{"href":"https:\/\/ausbildungsbridge.de\/en\/wp-json\/wp\/v2\/media?parent=5045"}],"curies":[{"name":"wp","href":"https:\/\/api.w.org\/{rel}","templated":true}]}}