{"id":3781,"date":"2024-12-04T22:15:34","date_gmt":"2024-12-04T22:15:34","guid":{"rendered":"https:\/\/ausbildungsbridge.de\/?page_id=3781"},"modified":"2025-07-19T16:54:42","modified_gmt":"2025-07-19T16:54:42","slug":"registration","status":"publish","type":"page","link":"https:\/\/ausbildungsbridge.de\/en\/registration\/","title":{"rendered":"Sprachkurs Anmeldung &#8211; Hier beginnt Ihre Reise zu flie\u00dfendem Deutsch"},"content":{"rendered":"<div data-elementor-type=\"wp-page\" data-elementor-id=\"3781\" class=\"elementor elementor-3781\" data-elementor-settings=\"{&quot;ha_cmc_init_switcher&quot;:&quot;no&quot;}\">\n\t\t\t\t<div class=\"elementor-element elementor-element-77a2f3f e-con-full e-flex wpr-particle-no wpr-jarallax-no wpr-sticky-section-no wpr-equal-height-no e-con e-parent\" data-id=\"77a2f3f\" data-element_type=\"container\" data-e-type=\"container\" data-settings=\"{&quot;_ha_eqh_enable&quot;:false}\">\n\t\t<div class=\"elementor-element elementor-element-d093995 e-flex e-con-boxed wpr-particle-no wpr-jarallax-no wpr-sticky-section-no wpr-equal-height-no e-con e-child\" data-id=\"d093995\" data-element_type=\"container\" data-e-type=\"container\" data-settings=\"{&quot;_ha_eqh_enable&quot;:false}\">\n\t\t\t\t\t<div class=\"e-con-inner\">\n\t\t\t\t<div class=\"elementor-element elementor-element-eaed1d7 elementor-widget elementor-widget-html\" data-id=\"eaed1d7\" data-element_type=\"widget\" data-e-type=\"widget\" data-widget_type=\"html.default\">\n\t\t\t\t<div class=\"elementor-widget-container\">\n\t\t\t\t\t<!DOCTYPE html>\r\n<html lang=\"de\">\r\n<head>\r\n  <meta charset=\"UTF-8\" \/>\r\n  <meta name=\"viewport\" content=\"width=device-width, initial-scale=1.0\"\/>\r\n  <title>Jetzt Einschreiben - Sprachkurs<\/title>\r\n  <link href=\"https:\/\/fonts.googleapis.com\/css2?family=Poppins:wght@400;600;700&display=swap\" rel=\"stylesheet\">\r\n  <style>\r\n    body {\r\n      font-family: 'Poppins', sans-serif;\r\n      margin: 0;\r\n      padding: 0;\r\n      background-color: #f9f9f9;\r\n      color: #333;\r\n    }\r\n\r\n    .form-container {\r\n      max-width: 100%;\r\n      width: 100%;\r\n      margin: 0 auto;\r\n      padding: 40px 20px;\r\n      background-color: #ffffff;\r\n      box-shadow: 0 0 20px rgba(0, 0, 0, 0.05);\r\n      border-radius: 12px;\r\n    }\r\n\r\n    h2 {\r\n      font-size: 28px;\r\n      color: #0d507a;\r\n      margin-bottom: 25px;\r\n      border-bottom: 2px solid #0d507a;\r\n      padding-bottom: 8px;\r\n      font-weight: 700; \/* Bold headings *\/\r\n    }\r\n\r\n    .form-group {\r\n      margin-bottom: 20px;\r\n    }\r\n\r\n    label {\r\n      display: block;\r\n      margin-bottom: 8px;\r\n      font-weight: 500;\r\n    }\r\n\r\n    input[type=\"text\"],\r\n    input[type=\"email\"],\r\n    input[type=\"date\"],\r\n    input[type=\"file\"] {\r\n      width: 100%;\r\n      padding: 12px 15px;\r\n      font-size: 16px;\r\n      border: 1px solid #ccc;\r\n      border-radius: 8px;\r\n      box-sizing: border-box;\r\n    }\r\n\r\n    .checkbox-group label {\r\n      margin-bottom: 10px;\r\n      display: block;\r\n      font-weight: 500;\r\n    }\r\n\r\n    .checkbox-group input[type=\"checkbox\"] {\r\n      margin-right: 10px;\r\n    }\r\n\r\n    .checkbox-group {\r\n      margin-bottom: 20px;\r\n    }\r\n\r\n    .terms-wrapper {\r\n      display: flex;\r\n      align-items: flex-start;\r\n      gap: 10px;\r\n    }\r\n\r\n    .terms-wrapper input[type=\"checkbox\"] {\r\n      margin-top: 3px;\r\n      flex-shrink: 0;\r\n    }\r\n\r\n    .terms-text {\r\n      font-size: 15px;\r\n    }\r\n\r\n    .terms-link {\r\n      color: #0d507a;\r\n      text-decoration: underline;\r\n      font-weight: 500;\r\n    }\r\n\r\n    .terms-link:hover {\r\n      text-decoration: none;\r\n      color: #1a6f9b;\r\n    }\r\n\r\n    button[type=\"submit\"] {\r\n      width: 100%;\r\n      background-color: #0d507a;\r\n      color: #fff;\r\n      border: none;\r\n      padding: 14px;\r\n      font-size: 18px;\r\n      border-radius: 8px;\r\n      cursor: pointer;\r\n      transition: background-color 0.3s ease;\r\n      font-weight: 600;\r\n    }\r\n\r\n    button[type=\"submit\"]:hover {\r\n      background-color: #1a6f9b;\r\n    }\r\n\r\n    @media (min-width: 768px) {\r\n      .form-flex {\r\n        display: flex;\r\n        gap: 20px;\r\n      }\r\n      .form-flex .form-group {\r\n        flex: 1;\r\n      }\r\n    }\r\n  <\/style>\r\n<\/head>\r\n<body>\r\n\r\n  <div class=\"form-container\">\r\n    <h2>Enroll in a language course now<\/h2>\r\n    <form action=\"\/language_form.php\" method=\"POST\" enctype=\"multipart\/form-data\" data-trp-original-action=\"\/language_form.php\">\r\n      \r\n      <div class=\"form-flex\">\r\n        <div class=\"form-group\">\r\n          <label for=\"first-name\">First Name<\/label>\r\n          <input type=\"text\" name=\"first-name\" id=\"first-name\" required placeholder=\"Max\">\r\n        <\/div>\r\n\r\n        <div class=\"form-group\">\r\n          <label for=\"last-name\">Last Name<\/label>\r\n          <input type=\"text\" name=\"last-name\" id=\"last-name\" required placeholder=\"Muster\">\r\n        <\/div>\r\n      <\/div>\r\n\r\n      <div class=\"form-group\">\r\n        <label for=\"email\">E-mail Address:<\/label>\r\n        <input type=\"email\" name=\"email\" id=\"email\" required placeholder=\"max.muster@example.com\">\r\n      <\/div>\r\n\r\n      <div class=\"form-group\">\r\n        <label for=\"phone\">Phone Number:<\/label>\r\n        <input type=\"text\" name=\"phone\" id=\"phone\" required placeholder=\"+49 170 1234567\">\r\n      <\/div>\r\n\r\n      <div class=\"form-group\">\r\n        <label for=\"dob\">Date of birth:<\/label>\r\n        <input type=\"date\" name=\"dob\" id=\"dob\" required>\r\n      <\/div>\r\n\r\n      <div class=\"form-group checkbox-group\">\r\n        <label>Choose Your Language Course Bundle:<\/label>\r\n        <input type=\"checkbox\" name=\"language-bundle[]\" value=\"Berufliches Deutsch\"> Professional German<br>\r\n        <input type=\"checkbox\" name=\"language-bundle[]\" value=\"Akademisches Deutsch\"> Academic German<br>\r\n        <input type=\"checkbox\" name=\"language-bundle[]\" value=\"Integrationskurs\"> Integration Course\r\n      <\/div>\r\n\r\n      <div class=\"form-group checkbox-group\">\r\n        <label>Choose Your Level:<\/label>\r\n        <input type=\"checkbox\" name=\"level[]\" value=\"A1\"> A1<br>\r\n        <input type=\"checkbox\" name=\"level[]\" value=\"A2\"> A2<br>\r\n        <input type=\"checkbox\" name=\"level[]\" value=\"B1\"> B1<br>\r\n        <input type=\"checkbox\" name=\"level[]\" value=\"B2\"> B2<br>\r\n        <input type=\"checkbox\" name=\"level[]\" value=\"C1\"> C1\r\n      <\/div>\r\n\r\n      <div class=\"form-group checkbox-group\">\r\n        <label>Choose Your Class Format:<\/label>\r\n        <input type=\"checkbox\" name=\"mode-of-instruction[]\" value=\"Online\"> Online<br>\r\n        <input type=\"checkbox\" name=\"mode-of-instruction[]\" value=\"Vor Ort\"> In-person\r\n      <\/div>\r\n\r\n      <div class=\"form-group\">\r\n        <label for=\"attachments\">Attachments (Optional)<\/label>\r\n        <input type=\"file\" name=\"attachments[]\" id=\"attachments\" multiple>\r\n      <\/div>\r\n\r\n      <h2>General Terms and Conditions<\/h2>\r\n      <div class=\"form-group\">\r\n        <div class=\"terms-wrapper\">\r\n          <input type=\"checkbox\" id=\"terms\" name=\"terms\" required>\r\n          <label for=\"terms\" class=\"terms-text translation-block\">I have read and accepted the <a href=\"https:\/\/ausbildungsbridge.de\/en\/terms-conditions\/\" target=\"_blank\" class=\"terms-link\">General Terms and Conditions<\/a> and the <a href=\"https:\/\/ausbildungsbridge.de\/en\/data-privacy\/\" target=\"_blank\" class=\"terms-link\">Consent to Data Processing<\/a>.<\/label>\r\n        <\/div>\r\n      <\/div>\r\n\r\n      <button type=\"submit\">Enroll Now<\/button>\r\n    <input type=\"hidden\" name=\"trp-form-language\" value=\"en\"\/><\/form>\r\n  <\/div>\r\n\r\n<\/body>\r\n<\/html>\r\n\t\t\t\t<\/div>\n\t\t\t\t<\/div>\n\t\t\t\t\t<\/div>\n\t\t\t\t<\/div>\n\t\t\t\t<\/div>\n\t\t\t\t<\/div>","protected":false},"excerpt":{"rendered":"<p>Jetzt Einschreiben &#8211; Sprachkurs Jetzt Einschreiben &#8211; Sprachkurs Vorname: Nachname: E-Mail-Adresse: Telefonnummer: Geburtsdatum: W\u00e4hlen Sie Ihr Sprachkurs-Bundle: Berufliches Deutsch Akademisches Deutsch Integrationskurs W\u00e4hlen Sie Ihr Niveau: A1 A2 B1 B2 C1 W\u00e4hlen Sie Ihre Unterrichtsform: Online Vor Ort Anh\u00e4nge (optional): Allgemeine Gesch\u00e4ftsbedingungen Ich habe die Allgemeinen Gesch\u00e4ftsbedingungen und die Einwilligungserkl\u00e4rung zur Datenverarbeitung gelesen und akzeptiert. Jetzt Einschreiben<\/p>","protected":false},"author":1,"featured_media":0,"parent":0,"menu_order":0,"comment_status":"closed","ping_status":"closed","template":"elementor_header_footer","meta":{"footnotes":""},"class_list":["post-3781","page","type-page","status-publish","hentry"],"_links":{"self":[{"href":"https:\/\/ausbildungsbridge.de\/en\/wp-json\/wp\/v2\/pages\/3781","targetHints":{"allow":["GET"]}}],"collection":[{"href":"https:\/\/ausbildungsbridge.de\/en\/wp-json\/wp\/v2\/pages"}],"about":[{"href":"https:\/\/ausbildungsbridge.de\/en\/wp-json\/wp\/v2\/types\/page"}],"author":[{"embeddable":true,"href":"https:\/\/ausbildungsbridge.de\/en\/wp-json\/wp\/v2\/users\/1"}],"replies":[{"embeddable":true,"href":"https:\/\/ausbildungsbridge.de\/en\/wp-json\/wp\/v2\/comments?post=3781"}],"version-history":[{"count":50,"href":"https:\/\/ausbildungsbridge.de\/en\/wp-json\/wp\/v2\/pages\/3781\/revisions"}],"predecessor-version":[{"id":6380,"href":"https:\/\/ausbildungsbridge.de\/en\/wp-json\/wp\/v2\/pages\/3781\/revisions\/6380"}],"wp:attachment":[{"href":"https:\/\/ausbildungsbridge.de\/en\/wp-json\/wp\/v2\/media?parent=3781"}],"curies":[{"name":"wp","href":"https:\/\/api.w.org\/{rel}","templated":true}]}}