{"id":2371,"date":"2024-11-06T09:29:45","date_gmt":"2024-11-06T09:29:45","guid":{"rendered":"https:\/\/ausbildungsbridge.de\/?page_id=2371"},"modified":"2024-11-28T19:48:16","modified_gmt":"2024-11-28T19:48:16","slug":"renewable-energy-technician-m-f-d","status":"publish","type":"page","link":"https:\/\/ausbildungsbridge.de\/en\/renewable-energy-technician-m-f-d\/","title":{"rendered":"Erneuerbare Energien Technischer Assistent (m\/w\/d)"},"content":{"rendered":"<div data-elementor-type=\"wp-page\" data-elementor-id=\"2371\" class=\"elementor elementor-2371\" data-elementor-settings=\"{&quot;ha_cmc_init_switcher&quot;:&quot;no&quot;}\">\n\t\t\t\t<div class=\"elementor-element elementor-element-5d7d819 e-flex e-con-boxed wpr-particle-no wpr-jarallax-no wpr-sticky-section-no e-con e-parent\" data-id=\"5d7d819\" data-element_type=\"container\" data-settings=\"{&quot;_ha_eqh_enable&quot;:false}\">\n\t\t\t\t\t<div class=\"e-con-inner\">\n\t\t<div class=\"elementor-element elementor-element-f65b1a3 e-con-full e-flex wpr-particle-no wpr-jarallax-no wpr-sticky-section-no e-con e-child\" data-id=\"f65b1a3\" data-element_type=\"container\" data-settings=\"{&quot;_ha_eqh_enable&quot;:false}\">\n\t\t\t\t<div class=\"elementor-element elementor-element-03d3d4a elementor-widget elementor-widget-text-editor\" data-id=\"03d3d4a\" data-element_type=\"widget\" data-widget_type=\"text-editor.default\">\n\t\t\t\t<div class=\"elementor-widget-container\">\n\t\t\t\t\t\t\t\t\t<h3 style=\"text-align: center;\"><span style=\"color: #003366;\"><strong>Erneuerbare Energien Technischer Assistent (m\/w\/d)<\/strong>\u00a0<\/span> \u00a0 \u00a0 \u00a0 \u00a0\u00a0<\/h3>\t\t\t\t\t\t\t\t<\/div>\n\t\t\t\t<\/div>\n\t\t\t\t<div class=\"elementor-element elementor-element-17e9053 elementor-widget elementor-widget-image\" data-id=\"17e9053\" data-element_type=\"widget\" data-widget_type=\"image.default\">\n\t\t\t\t<div class=\"elementor-widget-container\">\n\t\t\t\t\t\t\t\t\t\t\t\t\t\t\t<img fetchpriority=\"high\" decoding=\"async\" width=\"1060\" height=\"708\" src=\"https:\/\/ausbildungsbridge.de\/wp-content\/uploads\/2024\/11\/1722603639_72.jpg\" class=\"attachment-full size-full wp-image-2373\" alt=\"\" srcset=\"https:\/\/ausbildungsbridge.de\/wp-content\/uploads\/2024\/11\/1722603639_72.jpg 1060w, https:\/\/ausbildungsbridge.de\/wp-content\/uploads\/2024\/11\/1722603639_72-600x401.jpg 600w, https:\/\/ausbildungsbridge.de\/wp-content\/uploads\/2024\/11\/1722603639_72-300x200.jpg 300w, https:\/\/ausbildungsbridge.de\/wp-content\/uploads\/2024\/11\/1722603639_72-1024x684.jpg 1024w, https:\/\/ausbildungsbridge.de\/wp-content\/uploads\/2024\/11\/1722603639_72-768x513.jpg 768w\" sizes=\"(max-width: 1060px) 100vw, 1060px\" \/>\t\t\t\t\t\t\t\t\t\t\t\t\t\t\t<\/div>\n\t\t\t\t<\/div>\n\t\t\t\t<\/div>\n\t\t<div class=\"elementor-element elementor-element-dcadfcf e-con-full e-flex wpr-particle-no wpr-jarallax-no wpr-sticky-section-no e-con e-child\" data-id=\"dcadfcf\" data-element_type=\"container\" data-settings=\"{&quot;background_background&quot;:&quot;classic&quot;,&quot;_ha_eqh_enable&quot;:false}\">\n\t\t\t\t<div class=\"elementor-element elementor-element-52d2f66 elementor-widget elementor-widget-text-editor\" data-id=\"52d2f66\" data-element_type=\"widget\" data-widget_type=\"text-editor.default\">\n\t\t\t\t<div class=\"elementor-widget-container\">\n\t\t\t\t\t\t\t\t\t<div style=\"font-family: Arial, sans-serif; color: #6d6d6d; max-width: 300px;\"><div style=\"margin-bottom: 10px; padding-bottom: 10px; border-bottom: 1px solid #e0e0e0; overflow: hidden;\"><strong style=\"float: left;\">Salary:<\/strong><br \/><span style=\"float: right;\">1300 Euro \/ Monat<\/span><\/div><div style=\"margin-bottom: 10px; padding-bottom: 10px; border-bottom: 1px solid #e0e0e0; overflow: hidden;\"><strong style=\"float: left;\">Stadt;<\/strong><br \/><span style=\"float: right; color: #a9a1a1;\">Mehrere Standorte<\/span><\/div><div style=\"margin-bottom: 20px; padding-bottom: 10px; border-bottom: 1px solid #e0e0e0; overflow: hidden;\"><strong style=\"float: left;\">Sprache:<\/strong><br \/><span style=\"float: right; color: #a9a1a1;\">Deutsch<\/span><\/div><p><a style=\"display: inline-block; background-color: #2b79da; color: white; padding: 10px 20px; text-align: center; text-decoration: none; border-radius: 5px; font-weight: bold;\" href=\"https:\/\/ausbildungsbridge.de\/en\/apply-now\/\">Apply Now<\/a><\/p><\/div>\t\t\t\t\t\t\t\t<\/div>\n\t\t\t\t<\/div>\n\t\t\t\t<\/div>\n\t\t\t\t\t<\/div>\n\t\t\t\t<\/div>\n\t\t<div class=\"elementor-element elementor-element-1623e7f e-flex e-con-boxed wpr-particle-no wpr-jarallax-no wpr-sticky-section-no e-con e-parent\" data-id=\"1623e7f\" data-element_type=\"container\" data-settings=\"{&quot;_ha_eqh_enable&quot;:false}\">\n\t\t\t\t\t<div class=\"e-con-inner\">\n\t\t<div class=\"elementor-element elementor-element-466dbe9 e-con-full e-flex wpr-particle-no wpr-jarallax-no wpr-sticky-section-no e-con e-child\" data-id=\"466dbe9\" data-element_type=\"container\" data-settings=\"{&quot;_ha_eqh_enable&quot;:false}\">\n\t\t\t\t<div class=\"elementor-element elementor-element-cf6e652 elementor-align-justify elementor-widget elementor-widget-button\" data-id=\"cf6e652\" data-element_type=\"widget\" data-widget_type=\"button.default\">\n\t\t\t\t<div class=\"elementor-widget-container\">\n\t\t\t\t\t\t\t\t\t<div class=\"elementor-button-wrapper\">\n\t\t\t\t\t<a class=\"elementor-button elementor-button-link elementor-size-sm\" href=\"#\">\n\t\t\t\t\t\t<span class=\"elementor-button-content-wrapper\">\n\t\t\t\t\t\t\t\t\t<span class=\"elementor-button-text\">\u00dcberblick<\/span>\n\t\t\t\t\t<\/span>\n\t\t\t\t\t<\/a>\n\t\t\t\t<\/div>\n\t\t\t\t\t\t\t\t<\/div>\n\t\t\t\t<\/div>\n\t\t\t\t<div class=\"elementor-element elementor-element-0db1b5e elementor-widget elementor-widget-text-editor\" data-id=\"0db1b5e\" data-element_type=\"widget\" data-widget_type=\"text-editor.default\">\n\t\t\t\t<div class=\"elementor-widget-container\">\n\t\t\t\t\t\t\t\t\t<p>Du wirst dich auf die Installation, Wartung und Reparatur von erneuerbaren Energiesystemen wie Solaranlagen und Windkraftanlagen spezialisieren. Dieses Programm kombiniert theoretische Bildung an Berufsschulen mit praktischer Erfahrung in Projekten im Bereich der erneuerbaren Energien. Erfahrene Ausbilder begleiten dich durch die technischen Aspekte dieser Technologien und deren Umsetzung.<\/p><p><strong>Lust auf mehr?<\/strong> Dann bist du hier genau richtig! Wir bieten dir zahlreiche M\u00f6glichkeiten, dich w\u00e4hrend und nach deiner Ausbildung weiterzuentwickeln. Unser F\u00f6rderprogramm unterst\u00fctzt dein berufliches Wachstum entsprechend deiner Interessen und F\u00e4higkeiten \u2013 sei es im Projektmanagement, Systemdesign oder technischen Support.<\/p><h5><strong><span style=\"color: #003366;\">Das bieten wir dir:<\/span><\/strong><\/h5><ul><li>Dreij\u00e4hrige Ausbildung zum <strong>Techniker f\u00fcr erneuerbare Energien<\/strong> in Vollzeit<\/li><li>\u00dcbernahme nach erfolgreichem Abschluss!<\/li><li>Attraktive Verg\u00fctung nach Tarif nach der \u00dcbernahme<\/li><li>Bonus bei erfolgreichem Abschluss deiner Ausbildung!<\/li><li>Vielf\u00e4ltige Schulungen und Weiterbildungsm\u00f6glichkeiten w\u00e4hrend und nach der Ausbildung<\/li><li>Zugang zu einem umfangreichen Mitarbeitervorteilsprogramm, einschlie\u00dflich Krankenversicherung, Altersvorsorge und Wellnessprogrammen<\/li><\/ul><h5><strong><span style=\"color: #003366;\">Das wirst du lernen:<\/span><\/strong><\/h5><ul><li>Installation und Wartung von Solar- und Windenergieanlagen<\/li><li>Fehlerdiagnose und Reparaturtechniken f\u00fcr erneuerbare Energietechnologien<\/li><li>Systemdesign und Effizienzoptimierung<\/li><li>Sicherheitsprotokolle und Einhaltung gesetzlicher Vorschriften<\/li><\/ul><h5><strong><span style=\"color: #003366;\">Das bringst du mit:<\/span><\/strong><\/h5><ul><li>Schulabschluss (Mittlere Reife) oder mindestens 2 Jahre Berufsausbildung mit Hauptschulabschluss<\/li><li>Technisches Verst\u00e4ndnis und Probleml\u00f6sungskompetenz<\/li><li>Anpassungsf\u00e4higkeit und Teamf\u00e4higkeit<\/li><li>Bereitschaft zur kontinuierlichen Weiterentwicklung<\/li><li>Deutschkenntnisse mindestens auf B2-Niveau<\/li><\/ul><p>Wir suchen Menschen, die zu unserem Team passen! Geschlecht, Migrationshintergrund, Alter oder Behinderungen spielen f\u00fcr uns keine Rolle.<\/p><p><strong>Interessiert?<\/strong> Dann freuen wir uns auf deine Bewerbung \u00fcber unsere Plattform oder per E-Mail an <strong><a rel=\"noopener\">apply@ausbildungsbridge.de<\/a><\/strong> (bitte nur im PDF- oder JPG-Format).<\/p>\t\t\t\t\t\t\t\t<\/div>\n\t\t\t\t<\/div>\n\t\t\t\t<\/div>\n\t\t\t\t\t<\/div>\n\t\t\t\t<\/div>\n\t\t\t\t<\/div>","protected":false},"excerpt":{"rendered":"<p>Erneuerbare Energien Technischer Assistent (m\/w\/d)\u00a0 \u00a0 \u00a0 \u00a0 \u00a0\u00a0 Gehalt:1300 Euro \/ MonatStadt;Mehrere StandorteSprache:Deutsch Jetzt bewerben \u00dcberblick Du wirst dich auf die Installation, Wartung und Reparatur von erneuerbaren Energiesystemen wie Solaranlagen und Windkraftanlagen spezialisieren. Dieses Programm kombiniert theoretische Bildung an Berufsschulen mit praktischer Erfahrung in Projekten im Bereich der erneuerbaren Energien. Erfahrene Ausbilder begleiten dich durch die technischen Aspekte dieser Technologien und deren Umsetzung. Lust auf mehr? Dann bist du hier genau richtig! Wir bieten dir zahlreiche M\u00f6glichkeiten, dich w\u00e4hrend und nach deiner Ausbildung weiterzuentwickeln. Unser F\u00f6rderprogramm unterst\u00fctzt dein berufliches Wachstum entsprechend deiner Interessen und F\u00e4higkeiten \u2013 sei es im Projektmanagement, Systemdesign oder technischen Support. Das bieten wir dir: Dreij\u00e4hrige Ausbildung zum Techniker f\u00fcr erneuerbare Energien in Vollzeit \u00dcbernahme nach erfolgreichem Abschluss! Attraktive Verg\u00fctung nach Tarif nach der \u00dcbernahme Bonus bei erfolgreichem Abschluss deiner Ausbildung! Vielf\u00e4ltige Schulungen und Weiterbildungsm\u00f6glichkeiten w\u00e4hrend und nach der Ausbildung Zugang zu einem umfangreichen Mitarbeitervorteilsprogramm, einschlie\u00dflich Krankenversicherung, Altersvorsorge und Wellnessprogrammen Das wirst du lernen: Installation und Wartung von Solar- und Windenergieanlagen Fehlerdiagnose und Reparaturtechniken f\u00fcr erneuerbare Energietechnologien Systemdesign und Effizienzoptimierung Sicherheitsprotokolle und Einhaltung gesetzlicher Vorschriften Das bringst du mit: Schulabschluss (Mittlere Reife) oder mindestens 2 Jahre Berufsausbildung mit Hauptschulabschluss Technisches Verst\u00e4ndnis und Probleml\u00f6sungskompetenz Anpassungsf\u00e4higkeit und Teamf\u00e4higkeit Bereitschaft zur kontinuierlichen Weiterentwicklung Deutschkenntnisse mindestens auf B2-Niveau Wir suchen Menschen, die zu unserem Team passen! Geschlecht, Migrationshintergrund, Alter oder Behinderungen spielen f\u00fcr uns keine Rolle. Interessiert? Dann freuen wir uns auf deine Bewerbung \u00fcber unsere Plattform oder per E-Mail an apply@ausbildungsbridge.de (bitte nur im PDF- oder JPG-Format).<\/p>","protected":false},"author":1,"featured_media":0,"parent":0,"menu_order":0,"comment_status":"closed","ping_status":"closed","template":"","meta":{"footnotes":""},"class_list":["post-2371","page","type-page","status-publish","hentry"],"_links":{"self":[{"href":"https:\/\/ausbildungsbridge.de\/en\/wp-json\/wp\/v2\/pages\/2371","targetHints":{"allow":["GET"]}}],"collection":[{"href":"https:\/\/ausbildungsbridge.de\/en\/wp-json\/wp\/v2\/pages"}],"about":[{"href":"https:\/\/ausbildungsbridge.de\/en\/wp-json\/wp\/v2\/types\/page"}],"author":[{"embeddable":true,"href":"https:\/\/ausbildungsbridge.de\/en\/wp-json\/wp\/v2\/users\/1"}],"replies":[{"embeddable":true,"href":"https:\/\/ausbildungsbridge.de\/en\/wp-json\/wp\/v2\/comments?post=2371"}],"version-history":[{"count":8,"href":"https:\/\/ausbildungsbridge.de\/en\/wp-json\/wp\/v2\/pages\/2371\/revisions"}],"predecessor-version":[{"id":3501,"href":"https:\/\/ausbildungsbridge.de\/en\/wp-json\/wp\/v2\/pages\/2371\/revisions\/3501"}],"wp:attachment":[{"href":"https:\/\/ausbildungsbridge.de\/en\/wp-json\/wp\/v2\/media?parent=2371"}],"curies":[{"name":"wp","href":"https:\/\/api.w.org\/{rel}","templated":true}]}}