{"id":2275,"date":"2024-11-03T02:42:55","date_gmt":"2024-11-03T02:42:55","guid":{"rendered":"https:\/\/ausbildungsbridge.de\/?page_id=2275"},"modified":"2026-01-25T20:03:39","modified_gmt":"2026-01-25T20:03:39","slug":"apply-now","status":"publish","type":"page","link":"https:\/\/ausbildungsbridge.de\/en\/apply-now\/","title":{"rendered":"Jetzt bewerben &#038; Ihren Ausbildungsplatz sichern"},"content":{"rendered":"<div data-elementor-type=\"wp-page\" data-elementor-id=\"2275\" class=\"elementor elementor-2275\" data-elementor-settings=\"{&quot;ha_cmc_init_switcher&quot;:&quot;no&quot;}\">\n\t\t\t\t<div class=\"elementor-element elementor-element-9cee1d0 e-flex e-con-boxed wpr-particle-no wpr-jarallax-no wpr-sticky-section-no wpr-equal-height-no e-con e-parent\" data-id=\"9cee1d0\" data-element_type=\"container\" data-e-type=\"container\" data-settings=\"{&quot;_ha_eqh_enable&quot;:false}\">\n\t\t\t\t\t<div class=\"e-con-inner\">\n\t\t\t\t<div class=\"elementor-element elementor-element-c297e4a elementor-widget elementor-widget-html\" data-id=\"c297e4a\" data-element_type=\"widget\" data-e-type=\"widget\" data-widget_type=\"html.default\">\n\t\t\t\t<div class=\"elementor-widget-container\">\n\t\t\t\t\t<!DOCTYPE html>\r\n<html lang=\"de\">\r\n<head>\r\n  <meta charset=\"UTF-8\">\r\n  <meta name=\"viewport\" content=\"width=device-width, initial-scale=1.0\">\r\n  <meta name=\"description\" content=\"Bewerbung f\u00fcr Ausbildungsstellen in verschiedenen Bereichen. F\u00fcllen Sie das Formular aus, um sich zu bewerben.\">\r\n  <meta name=\"keywords\" content=\"Ausbildung, Bewerbung, Lehrstelle, Ausbildungsplatz, Ausbildungsformular, Praktikum, Deutsche Ausbildung\">\r\n  <meta name=\"author\" content=\"Ihr Unternehmen\">\r\n  <title>Jetzt Bewerben - Ausbildungsstelle<\/title>\r\n  <style>\r\n    @import url('https:\/\/fonts.googleapis.com\/css2?family=Poppins:wght@400;600;700&display=swap');\r\n\r\n    body {\r\n      font-family: 'Poppins', sans-serif;\r\n      margin: 0;\r\n      padding: 20px;\r\n      background-color: #f5f7fa;\r\n    }\r\n\r\n    form {\r\n      max-width: 900px;\r\n      margin: 0 auto;\r\n      padding: 30px;\r\n      background-color: #ffffff;\r\n      border: 1px solid #ccc;\r\n      border-radius: 8px;\r\n      box-shadow: 0 4px 8px rgba(0, 0, 0, 0.1);\r\n    }\r\n\r\n    h2 {\r\n      color: #0d507a;\r\n      font-size: 22px;\r\n      margin-bottom: 15px;\r\n      border-bottom: 3px solid #0d507a;\r\n      padding-bottom: 5px;\r\n      font-weight: 700;\r\n    }\r\n\r\n    .form-group {\r\n      margin-bottom: 20px;\r\n    }\r\n\r\n    label {\r\n      font-weight: 600;\r\n      display: block;\r\n      margin-bottom: 5px;\r\n      color: #333;\r\n    }\r\n\r\n    input, select, textarea {\r\n      width: 100%;\r\n      padding: 10px;\r\n      font-size: 16px;\r\n      border: 1px solid #ccc;\r\n      border-radius: 5px;\r\n      box-sizing: border-box;\r\n      font-family: 'Poppins', sans-serif;\r\n    }\r\n\r\n    textarea {\r\n      height: 100px;\r\n      resize: vertical;\r\n    }\r\n\r\n    .submit-btn {\r\n      background-color: #0d507a;\r\n      color: #ffffff;\r\n      padding: 12px 20px;\r\n      font-size: 16px;\r\n      border: none;\r\n      border-radius: 5px;\r\n      cursor: pointer;\r\n      font-weight: 600;\r\n    }\r\n\r\n    .submit-btn:hover {\r\n      background-color: #1a6f9b;\r\n    }\r\n\r\n    .checkbox-label {\r\n      display: flex;\r\n      align-items: flex-start;\r\n      gap: 10px;\r\n      margin-bottom: 10px;\r\n    }\r\n\r\n    .checkbox-label input {\r\n      width: auto;\r\n      margin-top: 3px;\r\n      flex-shrink: 0;\r\n    }\r\n\r\n    .terms-link {\r\n      color: #0d507a;\r\n      text-decoration: underline;\r\n      font-weight: 500;\r\n    }\r\n\r\n    .terms-link:hover {\r\n      color: #1a6f9b;\r\n      text-decoration: none;\r\n    }\r\n  <\/style>\r\n<\/head>\r\n<body>\r\n  <form action=\"\/second-form\/submit_second_form.php\" method=\"post\" enctype=\"multipart\/form-data\" data-trp-original-action=\"\/second-form\/submit_second_form.php\">\r\n    <h2>Apply now<\/h2>\r\n\r\n    <div class=\"form-group\">\r\n      <label for=\"dob\">Date of birth<\/label>\r\n      <input type=\"date\" id=\"dob\" name=\"dob\" required>\r\n    <\/div>\r\n\r\n    <div class=\"form-group checkbox-label\">\r\n      <input type=\"checkbox\" id=\"dob-confirm\" name=\"dob-confirm\" required>\r\n      <label for=\"dob-confirm\">I confirm the accuracy of my date of birth<\/label>\r\n    <\/div>\r\n\r\n    <div class=\"form-group\">\r\n      <label for=\"firstname\">First Name<\/label>\r\n      <input type=\"text\" id=\"firstname\" name=\"firstname\" required placeholder=\"Max\">\r\n    <\/div>\r\n\r\n    <div class=\"form-group\">\r\n      <label for=\"lastname\">Last Name<\/label>\r\n      <input type=\"text\" id=\"lastname\" name=\"lastname\" required placeholder=\"Mustermann\">\r\n    <\/div>\r\n\r\n    <div class=\"form-group\">\r\n      <label>Gender<\/label>\r\n      <div class=\"checkbox-label\">\r\n        <input type=\"checkbox\" id=\"gender-male\" name=\"gender\" value=\"male\">\r\n        <label for=\"gender-male\">Man<\/label>\r\n      <\/div>\r\n      <div class=\"checkbox-label\">\r\n        <input type=\"checkbox\" id=\"gender-female\" name=\"gender\" value=\"female\">\r\n        <label for=\"gender-female\">Woman<\/label>\r\n      <\/div>\r\n      <div class=\"checkbox-label\">\r\n        <input type=\"checkbox\" id=\"gender-other\" name=\"gender\" value=\"other\">\r\n        <label for=\"gender-other\">Other<\/label>\r\n      <\/div>\r\n    <\/div>\r\n\r\n    <div class=\"form-group\">\r\n      <label for=\"nationality\">Nationality<\/label>\r\n      <input type=\"text\" id=\"nationality\" name=\"nationality\" required placeholder=\"German Nationality\">\r\n    <\/div>\r\n\r\n    <h2>Contact Details<\/h2>\r\n\r\n    <div class=\"form-group\">\r\n      <label for=\"country\">Country<\/label>\r\n      <input type=\"text\" id=\"country\" name=\"country\" required placeholder=\"Deutschland\">\r\n    <\/div>\r\n\r\n    <div class=\"form-group\">\r\n      <label for=\"address\">Street, House Number<\/label>\r\n      <input type=\"text\" id=\"address\" name=\"address\" required placeholder=\"Musterstra\u00dfe 1\">\r\n    <\/div>\r\n\r\n    <div class=\"form-group\">\r\n      <label for=\"zipcode\">Zip Code and City<\/label>\r\n      <input type=\"text\" id=\"zipcode\" name=\"zipcode\" required placeholder=\"12345 Musterstadt\">\r\n    <\/div>\r\n\r\n    <div class=\"form-group\">\r\n      <label for=\"phone\">Phone Number<\/label>\r\n      <input type=\"tel\" id=\"phone\" name=\"phone\" required placeholder=\"0170 1234567\">\r\n    <\/div>\r\n\r\n    <div class=\"form-group\">\r\n      <label for=\"email\">E-mail Address<\/label>\r\n      <input type=\"email\" id=\"email\" name=\"email\" required placeholder=\"max.mustermann@email.de\">\r\n    <\/div>\r\n\r\n    <h2>Educational Background<\/h2>\r\n    <div class=\"form-group\">\r\n      <label for=\"highest-education\">Highest Educational Qualification<\/label>\r\n      <input type=\"text\" id=\"highest-education\" name=\"highest-education\" required placeholder=\"Abitur, Fachabitur, etc.\">\r\n    <\/div>\r\n\r\n    <h2>Language Skills<\/h2>\r\n    <div class=\"form-group\">\r\n      <div class=\"checkbox-label\">\r\n        <input type=\"checkbox\" id=\"language-a1\" name=\"language-skills\" value=\"A1\">\r\n        <label for=\"language-a1\">A1<\/label>\r\n      <\/div>\r\n      <div class=\"checkbox-label\">\r\n        <input type=\"checkbox\" id=\"language-a2\" name=\"language-skills\" value=\"A2\">\r\n        <label for=\"language-a2\">A2<\/label>\r\n      <\/div>\r\n      <div class=\"checkbox-label\">\r\n        <input type=\"checkbox\" id=\"language-b1\" name=\"language-skills\" value=\"B1\">\r\n        <label for=\"language-b1\">B1<\/label>\r\n      <\/div>\r\n      <div class=\"checkbox-label\">\r\n        <input type=\"checkbox\" id=\"language-b2\" name=\"language-skills\" value=\"B2\">\r\n        <label for=\"language-b2\">B2<\/label>\r\n      <\/div>\r\n      <div class=\"checkbox-label\">\r\n        <input type=\"checkbox\" id=\"language-c1\" name=\"language-skills\" value=\"C1\">\r\n        <label for=\"language-c1\">C1<\/label>\r\n      <\/div>\r\n      <div class=\"checkbox-label\">\r\n        <input type=\"checkbox\" id=\"language-c2\" name=\"language-skills\" value=\"C2\">\r\n        <label for=\"language-c2\">C2<\/label>\r\n      <\/div>\r\n    <\/div>\r\n\r\n    <div class=\"form-group\">\r\n      <label for=\"other-info\">Other Information<\/label>\r\n      <textarea id=\"other-info\" name=\"other-info\" placeholder=\"Enter relevant information here...\"><\/textarea>\r\n    <\/div>\r\n\r\n    <h2>Attachments<\/h2>\r\n    <div class=\"form-group\">\r\n      <label for=\"school-certificates\">School Leaving Certificates<\/label>\r\n      <input type=\"file\" id=\"school-certificates\" name=\"school-certificates\">\r\n    <\/div>\r\n\r\n    <div class=\"form-group\">\r\n      <label for=\"language-certificates\">Language Certificates<\/label>\r\n      <input type=\"file\" id=\"language-certificates\" name=\"language-certificates\">\r\n    <\/div>\r\n\r\n    <div class=\"form-group\">\r\n      <label for=\"cv\">Resume<\/label>\r\n      <input type=\"file\" id=\"cv\" name=\"cv\">\r\n    <\/div>\r\n\r\n    <div class=\"form-group\">\r\n      <label for=\"other-documents\">Other Documents (if more than one, please combine)<\/label>\r\n      <input type=\"file\" id=\"other-documents\" name=\"other-documents\">\r\n    <\/div>\r\n\r\n    <h2>General Terms and Conditions<\/h2>\r\n    <div class=\"form-group\">\r\n      <div class=\"checkbox-label\">\r\n        <input type=\"checkbox\" id=\"terms\" name=\"terms\" required>\r\n        <label for=\"terms\" class=\"translation-block\">I have read and accepted the <a href=\"https:\/\/ausbildungsbridge.de\/en\/terms-conditions\/\" target=\"_blank\" class=\"terms-link\">General Terms and Conditions<\/a> and the <a href=\"https:\/\/ausbildungsbridge.de\/en\/data-privacy\/\" target=\"_blank\" class=\"terms-link\">Consent to Data Processing<\/a>.<\/label>\r\n      <\/div>\r\n    <\/div>\r\n\r\n    <button type=\"submit\" class=\"submit-btn\">Submit<\/button>\r\n  <input type=\"hidden\" name=\"trp-form-language\" value=\"en\"\/><\/form>\r\n<\/body>\r\n<\/html>\t\t\t\t<\/div>\n\t\t\t\t<\/div>\n\t\t\t\t\t<\/div>\n\t\t\t\t<\/div>\n\t\t\t\t<\/div>","protected":false},"excerpt":{"rendered":"<p>Jetzt Bewerben &#8211; Ausbildungsstelle Jetzt Bewerben Geburtsdatum Ich best\u00e4tige die Richtigkeit meines Geburtsdatums Vorname Nachname Geschlecht M\u00e4nnlich Weiblich Andere Nationalit\u00e4t Kontaktdetails Land Stra\u00dfe, Hausnummer Postleitzahl und Ort Telefonnummer E-Mail-Adresse Bildungshintergrund H\u00f6chster Bildungsabschluss Sprachkenntnisse A1 A2 B1 B2 C1 C2 Sonstige Informationen Anh\u00e4nge Schulabschlusszeugnisse Sprachzertifikate Lebenslauf Andere Unterlagen (falls mehrere, bitte zusammenf\u00fchren) Allgemeine Gesch\u00e4ftsbedingungen Ich habe die Allgemeinen Gesch\u00e4ftsbedingungen und die Einwilligungserkl\u00e4rung zur Datenverarbeitung gelesen und akzeptiert. Absenden<\/p>","protected":false},"author":1,"featured_media":0,"parent":0,"menu_order":0,"comment_status":"closed","ping_status":"closed","template":"elementor_header_footer","meta":{"footnotes":""},"class_list":["post-2275","page","type-page","status-publish","hentry"],"_links":{"self":[{"href":"https:\/\/ausbildungsbridge.de\/en\/wp-json\/wp\/v2\/pages\/2275","targetHints":{"allow":["GET"]}}],"collection":[{"href":"https:\/\/ausbildungsbridge.de\/en\/wp-json\/wp\/v2\/pages"}],"about":[{"href":"https:\/\/ausbildungsbridge.de\/en\/wp-json\/wp\/v2\/types\/page"}],"author":[{"embeddable":true,"href":"https:\/\/ausbildungsbridge.de\/en\/wp-json\/wp\/v2\/users\/1"}],"replies":[{"embeddable":true,"href":"https:\/\/ausbildungsbridge.de\/en\/wp-json\/wp\/v2\/comments?post=2275"}],"version-history":[{"count":89,"href":"https:\/\/ausbildungsbridge.de\/en\/wp-json\/wp\/v2\/pages\/2275\/revisions"}],"predecessor-version":[{"id":7144,"href":"https:\/\/ausbildungsbridge.de\/en\/wp-json\/wp\/v2\/pages\/2275\/revisions\/7144"}],"wp:attachment":[{"href":"https:\/\/ausbildungsbridge.de\/en\/wp-json\/wp\/v2\/media?parent=2275"}],"curies":[{"name":"wp","href":"https:\/\/api.w.org\/{rel}","templated":true}]}}