{"id":2209,"date":"2024-11-01T19:02:29","date_gmt":"2024-11-01T19:02:29","guid":{"rendered":"https:\/\/ausbildungsbridge.de\/?page_id=2209"},"modified":"2025-05-23T09:54:27","modified_gmt":"2025-05-23T09:54:27","slug":"imprint","status":"publish","type":"page","link":"https:\/\/ausbildungsbridge.de\/en\/imprint\/","title":{"rendered":"Imprint"},"content":{"rendered":"<div data-elementor-type=\"wp-page\" data-elementor-id=\"2209\" class=\"elementor elementor-2209\" data-elementor-settings=\"{&quot;ha_cmc_init_switcher&quot;:&quot;no&quot;}\">\n\t\t\t\t<div class=\"elementor-element elementor-element-5a4cd9a e-con-full e-flex wpr-particle-no wpr-jarallax-no wpr-sticky-section-no wpr-equal-height-no e-con e-parent\" data-id=\"5a4cd9a\" data-element_type=\"container\" data-e-type=\"container\" data-settings=\"{&quot;background_background&quot;:&quot;classic&quot;,&quot;_ha_eqh_enable&quot;:false}\">\n\t\t\t\t<\/div>\n\t\t<div class=\"elementor-element elementor-element-3e17581 e-flex e-con-boxed wpr-particle-no wpr-jarallax-no wpr-sticky-section-no wpr-equal-height-no e-con e-parent\" data-id=\"3e17581\" data-element_type=\"container\" data-e-type=\"container\" data-settings=\"{&quot;_ha_eqh_enable&quot;:false}\">\n\t\t\t\t\t<div class=\"e-con-inner\">\n\t\t<div class=\"elementor-element elementor-element-e331c09 e-con-full e-flex wpr-particle-no wpr-jarallax-no wpr-sticky-section-no wpr-equal-height-no e-con e-child\" data-id=\"e331c09\" data-element_type=\"container\" data-e-type=\"container\" data-settings=\"{&quot;_ha_eqh_enable&quot;:false}\">\n\t\t\t\t<div class=\"elementor-element elementor-element-c393383 elementor-widget__width-initial elementor-widget elementor-widget-text-editor\" data-id=\"c393383\" data-element_type=\"widget\" data-e-type=\"widget\" data-widget_type=\"text-editor.default\">\n\t\t\t\t<div class=\"elementor-widget-container\">\n\t\t\t\t\t\t\t\t\t<h3><span style=\"color: #003366;\"><strong>Information Cccording to \u00a7 5 TMG<\/strong><\/span><\/h3><p><span style=\"color: #003366;\"><strong>Operator of the website:<\/strong><\/span><br \/><span style=\"color: #999999;\">Ausbildungsbridge<\/span><br \/><span style=\"color: #999999;\">Maroof Ahmed Malik<\/span><br \/><span style=\"color: #999999;\">Hombergerstra\u00dfe 58<br \/><\/span><span style=\"color: #999999;\">47441 Moers<br \/><\/span><span style=\"color: #999999;\">Deutschland<br \/>USt-IdNr.:DE367510027<br \/><\/span><\/p><p><span style=\"color: #003366;\"><strong>Contact:<\/strong><\/span><br \/><span style=\"color: #999999;\">Telephone: 0177 2601202<\/span><br \/><span style=\"color: #999999;\">E-Mail: apply<a style=\"color: #999999;\" rel=\"noopener\">@ausbildungsbridge.de<\/a><\/span><\/p><p><span style=\"color: #003366;\"><strong>Responsible for the content according to \u00a7 55 Abs. 2 RStV:<\/strong><\/span><br \/><span style=\"color: #999999;\">Maroof Ahmed Malik<\/span><br \/><span style=\"color: #999999;\">Hombergerstra\u00dfe 58<\/span><\/p><p><span style=\"color: #999999;\">47441 Moers<\/span><\/p><p><span style=\"color: #003366;\"><strong>Liability for content:<\/strong><\/span><br \/><span style=\"color: #999999;\">The contents of our pages have been created with the greatest care. However, we cannot assume any liability for the accuracy, completeness and topicality of the content. As a service provider, we are responsible for our own content on these pages in accordance with \u00a7 7 (1) TMG (German Telemedia Act) and general laws.<\/span><\/p><p><span style=\"color: #003366;\"><strong>Liability for links:<\/strong><\/span><br \/><span style=\"color: #999999;\">Our website contains links to external third-party websites over whose content we have no influence. Therefore, we cannot accept any liability for this third-party content. The respective provider or operator of the pages is always responsible for the content of the linked pages.<\/span><\/p><p><span style=\"color: #003366;\"><strong>Copyright:<\/strong><\/span><\/p><p class=\"text-light\"><span style=\"color: #ffffff;\"><span style=\"color: #999999;\">The content and works created by the site operators on these pages are subject to German copyright law. Third-party contributions are identified as such.<\/span> Beitr\u00e4ge Dritter sind als solche gekennzeichnet..<\/span><\/p>\t\t\t\t\t\t\t\t<\/div>\n\t\t\t\t<\/div>\n\t\t\t\t<\/div>\n\t\t\t\t\t<\/div>\n\t\t\t\t<\/div>\n\t\t<div class=\"elementor-element elementor-element-1f47773 e-flex e-con-boxed wpr-particle-no wpr-jarallax-no wpr-sticky-section-no wpr-equal-height-no e-con e-parent\" data-id=\"1f47773\" data-element_type=\"container\" data-e-type=\"container\" data-settings=\"{&quot;_ha_eqh_enable&quot;:false}\">\n\t\t\t\t\t<div class=\"e-con-inner\">\n\t\t<div class=\"elementor-element elementor-element-c6204a9 e-con-full e-flex wpr-particle-no wpr-jarallax-no wpr-sticky-section-no wpr-equal-height-no e-con e-child\" data-id=\"c6204a9\" data-element_type=\"container\" data-e-type=\"container\" data-settings=\"{&quot;_ha_eqh_enable&quot;:false}\">\n\t\t\t\t<div class=\"elementor-element elementor-element-9126829 elementor-widget elementor-widget-text-editor\" data-id=\"9126829\" data-element_type=\"widget\" data-e-type=\"widget\" data-widget_type=\"text-editor.default\">\n\t\t\t\t<div class=\"elementor-widget-container\">\n\t\t\t\t\t\t\t\t\t<p class=\"mb-0\"><span style=\"color: #0d507a;\"><b>Ausbildungbridge<\/b><\/span><\/p><p class=\"mb-0\">Homberger Stra\u00dfe 58<\/p><p class=\"mb-0\">47441 Moers<\/p><p class=\"mb-0\">Germany<\/p><p class=\"mb-0\"><b>Email:<\/b>\u00a0info@ausbildungsbridge.de<\/p>\t\t\t\t\t\t\t\t<\/div>\n\t\t\t\t<\/div>\n\t\t\t\t<\/div>\n\t\t<div class=\"elementor-element elementor-element-89cf8fb e-con-full e-flex wpr-particle-no wpr-jarallax-no wpr-sticky-section-no wpr-equal-height-no e-con e-child\" data-id=\"89cf8fb\" data-element_type=\"container\" data-e-type=\"container\" data-settings=\"{&quot;_ha_eqh_enable&quot;:false}\">\n\t\t\t\t<div class=\"elementor-element elementor-element-f71911d elementor-widget elementor-widget-text-editor\" data-id=\"f71911d\" data-element_type=\"widget\" data-e-type=\"widget\" data-widget_type=\"text-editor.default\">\n\t\t\t\t<div class=\"elementor-widget-container\">\n\t\t\t\t\t\t\t\t\t<p><strong><span style=\"color: #0d507a;\">Legal information<\/span><\/strong><\/p><p class=\"mb-0\"><b>Managing partner:<\/b> Maroof Ahmed Malik<\/p>\t\t\t\t\t\t\t\t<\/div>\n\t\t\t\t<\/div>\n\t\t\t\t<\/div>\n\t\t<div class=\"elementor-element elementor-element-3eb2f28 e-con-full e-flex wpr-particle-no wpr-jarallax-no wpr-sticky-section-no wpr-equal-height-no e-con e-child\" data-id=\"3eb2f28\" data-element_type=\"container\" data-e-type=\"container\" data-settings=\"{&quot;_ha_eqh_enable&quot;:false}\">\n\t\t\t\t<div class=\"elementor-element elementor-element-03ecbb9 elementor-widget elementor-widget-text-editor\" data-id=\"03ecbb9\" data-element_type=\"widget\" data-e-type=\"widget\" data-widget_type=\"text-editor.default\">\n\t\t\t\t<div class=\"elementor-widget-container\">\n\t\t\t\t\t\t\t\t\t<p><strong><span style=\"color: #0d507a;\">General<\/span><\/strong><\/p><p class=\"mb-0\"><strong>First publication:<\/strong> November 2024<\/p><p class=\"mb-0\"><b>Domain:<\/b> www.ausbildungsbridge.de<\/p>\t\t\t\t\t\t\t\t<\/div>\n\t\t\t\t<\/div>\n\t\t\t\t<\/div>\n\t\t\t\t\t<\/div>\n\t\t\t\t<\/div>\n\t\t\t\t<\/div>","protected":false},"excerpt":{"rendered":"<p>Angaben gem\u00e4\u00df \u00a7 5 TMG Betreiber der Webseite:AusbildungsbridgeMaroof Ahmed MalikHombergerstra\u00dfe 5847441 MoersDeutschlandUSt-IdNr.:DE367510027 Kontakt:Telefon: 0177 2601202E-Mail: apply@ausbildungsbridge.de Verantwortlich f\u00fcr den Inhalt nach \u00a7 55 Abs. 2 RStV:Maroof Ahmed MalikHombergerstra\u00dfe 58 47441 Moers Haftung f\u00fcr Inhalte:Die Inhalte unserer Seiten wurden mit gr\u00f6\u00dfter Sorgfalt erstellt. F\u00fcr die Richtigkeit, Vollst\u00e4ndigkeit und Aktualit\u00e4t der Inhalte k\u00f6nnen wir jedoch keine Gew\u00e4hr \u00fcbernehmen. Als Diensteanbieter sind wir gem\u00e4\u00df \u00a7 7 Abs.1 TMG f\u00fcr eigene Inhalte auf diesen Seiten nach den allgemeinen Gesetzen verantwortlich. Haftung f\u00fcr Links:Unser Angebot enth\u00e4lt Links zu externen Webseiten Dritter, auf deren Inhalte wir keinen Einfluss haben. Deshalb k\u00f6nnen wir f\u00fcr diese fremden Inhalte auch keine Gew\u00e4hr \u00fcbernehmen. F\u00fcr die Inhalte der verlinkten Seiten ist stets der jeweilige Anbieter oder Betreiber der Seiten verantwortlich. Urheberrecht: Die durch die Seitenbetreiber erstellten Inhalte und Werke auf diesen Seiten unterliegen dem deutschen Urheberrecht. Beitr\u00e4ge Dritter sind als solche gekennzeichnet. Beitr\u00e4ge Dritter sind als solche gekennzeichnet.. Ausbildungbridge Homberger Stra\u00dfe 58 47441 Moers Germany Email:\u00a0info@ausbildungsbridge.de Legal information Managing partner: Maroof Ahmed Malik General First publication: November 2024 Domain: www.ausbildungsbridge.de<\/p>","protected":false},"author":1,"featured_media":0,"parent":0,"menu_order":0,"comment_status":"closed","ping_status":"closed","template":"elementor_header_footer","meta":{"footnotes":""},"class_list":["post-2209","page","type-page","status-publish","hentry"],"_links":{"self":[{"href":"https:\/\/ausbildungsbridge.de\/en\/wp-json\/wp\/v2\/pages\/2209","targetHints":{"allow":["GET"]}}],"collection":[{"href":"https:\/\/ausbildungsbridge.de\/en\/wp-json\/wp\/v2\/pages"}],"about":[{"href":"https:\/\/ausbildungsbridge.de\/en\/wp-json\/wp\/v2\/types\/page"}],"author":[{"embeddable":true,"href":"https:\/\/ausbildungsbridge.de\/en\/wp-json\/wp\/v2\/users\/1"}],"replies":[{"embeddable":true,"href":"https:\/\/ausbildungsbridge.de\/en\/wp-json\/wp\/v2\/comments?post=2209"}],"version-history":[{"count":35,"href":"https:\/\/ausbildungsbridge.de\/en\/wp-json\/wp\/v2\/pages\/2209\/revisions"}],"predecessor-version":[{"id":4618,"href":"https:\/\/ausbildungsbridge.de\/en\/wp-json\/wp\/v2\/pages\/2209\/revisions\/4618"}],"wp:attachment":[{"href":"https:\/\/ausbildungsbridge.de\/en\/wp-json\/wp\/v2\/media?parent=2209"}],"curies":[{"name":"wp","href":"https:\/\/api.w.org\/{rel}","templated":true}]}}